{"id":10,"date":"2018-11-28T10:35:10","date_gmt":"2018-11-28T10:35:10","guid":{"rendered":"https:\/\/mmktpro.com\/ubach\/?page_id=10"},"modified":"2025-03-12T12:39:53","modified_gmt":"2025-03-12T12:39:53","slug":"qui-som","status":"publish","type":"page","link":"https:\/\/opticaubach.com\/ca\/qui-som\/","title":{"rendered":"Qui som"},"content":{"rendered":"<section class=\"wpb-content-wrapper\"><p>[vc_row][vc_column][vc_empty_space height=&#8221;15px&#8221;][vc_column_text]<\/p>\n<h2 style=\"text-align: center;\">\u00d2ptica Ubach a Llavaneres<\/h2>\n<p>[\/vc_column_text][\/vc_column][\/vc_row][vc_row][vc_column][vc_empty_space height=&#8221;37px&#8221;][\/vc_column][\/vc_row][vc_row equal_height=&#8221;yes&#8221; content_placement=&#8221;top&#8221; css=&#8221;.vc_custom_1543418794081{margin-bottom: 45px !important;}&#8221;][vc_column width=&#8221;1\/3&#8243;]<div class=\"ws-counter\">\n\t\t\t\t\t<div class=\"ws-counter-icon\">\n\t\t\t\t\t\t<span class=\"fa fa-birthday-cake\"><\/span>\n\t\t\t\t\t<\/div>\n    \t\t\t\t<h1 class=\"numscroller numscroller-big-bottom\" data-slno=\"1\" data-min=\"0\" data-max=\"1998\" data-delay=\"11\" data-increment=\"9\">0<\/h1>\n    \t\t\t\t<p class=\"info-counter\"><\/p>\n    \t\t\t<\/div>[vc_separator color=&#8221;custom&#8221; border_width=&#8221;2&#8243; el_width=&#8221;10&#8243; accent_color=&#8221;#162ca4&#8243; css=&#8221;.vc_custom_1543428551813{padding-top: 20px !important;padding-bottom: 20px !important;}&#8221;][vc_column_text css=&#8221;.vc_custom_1543418679635{margin-top: 30px !important;}&#8221;]<\/p>\n<p style=\"text-align: center;\">\u00d2ptica Ubach inicia la seva activitat l\u2019any 1998 amb l\u2019objectiu d\u2019oferir un servei Premium a tots els seus clients.<\/p>\n<p>[\/vc_column_text][\/vc_column][vc_column width=&#8221;1\/3&#8243;][vc_icon type=&#8221;entypo&#8221; icon_entypo=&#8221;entypo-icon entypo-icon-users&#8221; color=&#8221;custom&#8221; size=&#8221;xl&#8221; align=&#8221;center&#8221; custom_color=&#8221;#162ca4&#8243;][vc_separator color=&#8221;custom&#8221; border_width=&#8221;2&#8243; el_width=&#8221;10&#8243; accent_color=&#8221;#162ca4&#8243; css=&#8221;.vc_custom_1543420997025{padding-top: 30px !important;padding-bottom: 20px !important;}&#8221;][vc_column_text css=&#8221;.vc_custom_1543421019890{margin-top: 30px !important;}&#8221;]<\/p>\n<p style=\"text-align: center;\">Es per aquest motiu que disposem d\u2019una plantilla de professionals altament qualificats, que donen resposta a les necessitats dels nostres clients.<\/p>\n<p>[\/vc_column_text][\/vc_column][vc_column width=&#8221;1\/3&#8243;][vc_icon type=&#8221;openiconic&#8221; icon_openiconic=&#8221;vc-oi vc-oi-tag-empty&#8221; color=&#8221;custom&#8221; size=&#8221;xl&#8221; align=&#8221;center&#8221; custom_color=&#8221;#162ca4&#8243;][vc_separator color=&#8221;custom&#8221; border_width=&#8221;2&#8243; el_width=&#8221;10&#8243; accent_color=&#8221;#162ca4&#8243; css=&#8221;.vc_custom_1543421030855{padding-top: 30px !important;padding-bottom: 20px !important;}&#8221;][vc_column_text css=&#8221;.vc_custom_1543421025917{margin-top: 30px !important;}&#8221;]<\/p>\n<p style=\"text-align: center;\">Nom\u00e9s treballem amb proveidors top per tal de que la satisfacci\u00f3 dels nostres clients sigui la m\u00e1xima.<\/p>\n<p>[\/vc_column_text][\/vc_column][\/vc_row][vc_row full_width=&#8221;stretch_row&#8221; gap=&#8221;30&#8243; equal_height=&#8221;yes&#8221; content_placement=&#8221;middle&#8221; woss_parallax=&#8221;yes&#8221; woss_parallax_image=&#8221;137&#8243; css=&#8221;.vc_custom_1543850055404{padding-top: 45px !important;padding-bottom: 45px !important;background-position: center !important;background-repeat: no-repeat !important;background-size: cover !important;}&#8221;][vc_column][vc_custom_heading text=&#8221;Cultura Corporativa&#8221; font_container=&#8221;tag:h3|text_align:center&#8221; use_theme_fonts=&#8221;yes&#8221;][vc_separator color=&#8221;custom&#8221; border_width=&#8221;2&#8243; el_width=&#8221;20&#8243; accent_color=&#8221;#162ca4&#8243; css=&#8221;.vc_custom_1543419933875{padding-top: 20px !important;padding-bottom: 20px !important;}&#8221;][vc_column_text]<\/p>\n<p style=\"text-align: center;\">L\u2019\u00e8xit d\u2019<strong>\u00d3ptica Ubach<\/strong>\u00a0es basa en la capacitat d\u2019adaptaci\u00f3 als canvis en els mercats, sense abandonar els objectius de qualitat\/excelencia a llarg pla\u00e7.\u00a0El nostre \u201cstaff\u201d, t\u00e8cnics altament qualificats, juntament amb els nostres prove\u00efdors (nom\u00e9s marques Premium) fan que aix\u00f2 sigui posible.<\/p>\n<p>[\/vc_column_text][\/vc_column][\/vc_row][vc_section full_width=&#8221;stretch_row&#8221; disable_element=&#8221;yes&#8221; css=&#8221;.vc_custom_1543831234395{padding-top: 45px !important;padding-bottom: 45px !important;background-color: #f4f4f4 !important;}&#8221;][vc_row equal_height=&#8221;yes&#8221; content_placement=&#8221;top&#8221; woss_section_padding=&#8221;yes_please&#8221;][vc_column width=&#8221;1\/6&#8243;][vc_column_text]<\/p>\n<h5><strong>Optica Ubach<\/strong><br \/>\ncompr\u00e8n<br \/>\ncinc divisi\u00f3ns:<\/h5>\n<p>[\/vc_column_text][vc_separator color=&#8221;custom&#8221; align=&#8221;align_left&#8221; border_width=&#8221;2&#8243; el_width=&#8221;20&#8243; accent_color=&#8221;#162ca4&#8243; css=&#8221;.vc_custom_1543428577292{padding-top: 20px !important;padding-bottom: 20px !important;}&#8221;][\/vc_column][vc_column width=&#8221;1\/6&#8243;][vc_single_image image=&#8221;39&#8243; alignment=&#8221;center&#8221; style=&#8221;vc_box_circle&#8221; css=&#8221;.vc_custom_1543420745278{margin-bottom: 30px !important;}&#8221;][vc_separator color=&#8221;custom&#8221; border_width=&#8221;2&#8243; el_width=&#8221;20&#8243; accent_color=&#8221;#162ca4&#8243; css=&#8221;.vc_custom_1543420854602{padding-top: 20px !important;padding-bottom: 20px !important;}&#8221;][vc_column_text]<\/p>\n<h3 style=\"text-align: center;\">Montures<\/h3>\n<p>[\/vc_column_text][\/vc_column][vc_column width=&#8221;1\/6&#8243;][vc_single_image image=&#8221;96&#8243; alignment=&#8221;center&#8221; style=&#8221;vc_box_circle&#8221; css=&#8221;.vc_custom_1543420753159{margin-bottom: 30px !important;}&#8221;][vc_separator color=&#8221;custom&#8221; border_width=&#8221;2&#8243; el_width=&#8221;20&#8243; accent_color=&#8221;#162ca4&#8243; css=&#8221;.vc_custom_1543420854602{padding-top: 20px !important;padding-bottom: 20px !important;}&#8221;][vc_column_text]<\/p>\n<h3 style=\"text-align: center;\">Ulleres de sol<\/h3>\n<p>[\/vc_column_text][\/vc_column][vc_column width=&#8221;1\/6&#8243;][vc_single_image image=&#8221;97&#8243; alignment=&#8221;center&#8221; style=&#8221;vc_box_circle&#8221; css=&#8221;.vc_custom_1543420763374{margin-bottom: 30px !important;}&#8221;][vc_separator color=&#8221;custom&#8221; border_width=&#8221;2&#8243; el_width=&#8221;20&#8243; accent_color=&#8221;#162ca4&#8243; css=&#8221;.vc_custom_1543420854602{padding-top: 20px !important;padding-bottom: 20px !important;}&#8221;][vc_column_text]<\/p>\n<h3 style=\"text-align: center;\">Lents oft\u00e0lmiques<\/h3>\n<p>[\/vc_column_text][\/vc_column][vc_column width=&#8221;1\/6&#8243;][vc_single_image image=&#8221;100&#8243; alignment=&#8221;center&#8221; style=&#8221;vc_box_circle&#8221; css=&#8221;.vc_custom_1543420771948{margin-bottom: 30px !important;}&#8221;][vc_separator color=&#8221;custom&#8221; border_width=&#8221;2&#8243; el_width=&#8221;20&#8243; accent_color=&#8221;#162ca4&#8243; css=&#8221;.vc_custom_1543420854602{padding-top: 20px !important;padding-bottom: 20px !important;}&#8221;][vc_column_text]<\/p>\n<h3 style=\"text-align: center;\">Lents de contacte<\/h3>\n<p>[\/vc_column_text][\/vc_column][vc_column width=&#8221;1\/6&#8243;][vc_single_image image=&#8221;39&#8243; alignment=&#8221;center&#8221; style=&#8221;vc_box_circle&#8221; css=&#8221;.vc_custom_1543420780026{margin-bottom: 30px !important;}&#8221;][vc_separator color=&#8221;custom&#8221; border_width=&#8221;2&#8243; el_width=&#8221;20&#8243; accent_color=&#8221;#162ca4&#8243; css=&#8221;.vc_custom_1543420854602{padding-top: 20px !important;padding-bottom: 20px !important;}&#8221;][vc_column_text]<\/p>\n<h3 style=\"text-align: center;\">Audiologia<\/h3>\n<p>[\/vc_column_text][\/vc_column][\/vc_row][\/vc_section][vc_row full_width=&#8221;stretch_row&#8221; css=&#8221;.vc_custom_1543596351435{padding-top: 45px !important;padding-bottom: 45px !important;background-color: #e8e8e8 !important;}&#8221;][vc_column]<div class=\"templatera_shortcode\"><div class=\"vc_row wpb_row vc_row-fluid\"><div class=\"wpb_column vc_column_container vc_col-sm-12\"><div class=\"vc_column-inner\"><div class=\"wpb_wrapper\"><h3 style=\"text-align: center\" class=\"vc_custom_heading\" >Els nostres productes<\/h3><div class=\"vc_separator wpb_content_element vc_separator_align_center vc_sep_width_10 vc_sep_border_width_2 vc_sep_pos_align_center vc_separator_no_text vc_custom_1543850093222  vc_custom_1543850093222\" ><span class=\"vc_sep_holder vc_sep_holder_l\"><span style=&quot;border-color:#162ca4;&quot; class=\"vc_sep_line\"><\/span><\/span><span class=\"vc_sep_holder vc_sep_holder_r\"><span style=&quot;border-color:#162ca4;&quot; class=\"vc_sep_line\"><\/span><\/span>\n<\/div><\/div><\/div><\/div><\/div><div data-vc-full-width=\"true\" data-vc-full-width-init=\"false\" data-vc-stretch-content=\"true\" class=\"vc_row wpb_row vc_row-fluid five-columns\"><div class=\"wpb_column vc_column_container vc_col-sm-2\"><div class=\"vc_column-inner\"><div class=\"wpb_wrapper\"><!-- Item -->\n\t\t\t\t\t<div class=\"ws-lookbook-item\">\n\t\t\t\t\t\t<a href=\"https:\/\/mmktpro.com\/ubach\/productes\/lents-oftalmiques\/\" target=\"_self\" title=\"\">\n\t\t\t\t\t\t\t<div class=\"thumbnail\">\n\t\t\t\t\t\t\t\t<img src=\"https:\/\/opticaubach.com\/wp-content\/uploads\/2019\/01\/Lents-oftalmiques-imatge_optimitzada.jpg\" alt\/>\n\t\t\t\t\t\t\t\t<div class=\"caption\">\n\t\t\t\t\t\t\t\t\t<div class=\"ws-lookbook-holder\">\n\t\t\t\t\t\t\t\t\t\t<div class=\"ws-lookbook-content\">\n\t\t\t\t\t\t\t\t\t\t\t<h3>Lents oft\u00e0lmiques<\/h3>\n\t\t\t\t\t\t\t\t\t\t<\/div>\n\t\t\t\t\t\t\t\t\t<\/div>\n\t\t\t\t\t\t\t\t<\/div>\n\t\t\t\t\t\t\t<\/div>\n\t\t\t\t\t\t<\/a>\n\t\t\t\t\t<\/div><\/div><\/div><\/div><div class=\"wpb_column vc_column_container vc_col-sm-2\"><div class=\"vc_column-inner\"><div class=\"wpb_wrapper\"><!-- Item -->\n\t\t\t\t\t<div class=\"ws-lookbook-item\">\n\t\t\t\t\t\t<a href=\"https:\/\/mmktpro.com\/ubach\/productes\/montures\/\" target=\"_self\" title=\"\">\n\t\t\t\t\t\t\t<div class=\"thumbnail\">\n\t\t\t\t\t\t\t\t<img src=\"https:\/\/opticaubach.com\/wp-content\/uploads\/2018\/12\/montures.jpg\" alt\/>\n\t\t\t\t\t\t\t\t<div class=\"caption\">\n\t\t\t\t\t\t\t\t\t<div class=\"ws-lookbook-holder\">\n\t\t\t\t\t\t\t\t\t\t<div class=\"ws-lookbook-content\">\n\t\t\t\t\t\t\t\t\t\t\t<h3>Montures<\/h3>\n\t\t\t\t\t\t\t\t\t\t<\/div>\n\t\t\t\t\t\t\t\t\t<\/div>\n\t\t\t\t\t\t\t\t<\/div>\n\t\t\t\t\t\t\t<\/div>\n\t\t\t\t\t\t<\/a>\n\t\t\t\t\t<\/div><\/div><\/div><\/div><div class=\"wpb_column vc_column_container vc_col-sm-2\"><div class=\"vc_column-inner\"><div class=\"wpb_wrapper\"><!-- Item -->\n\t\t\t\t\t<div class=\"ws-lookbook-item\">\n\t\t\t\t\t\t<a href=\"https:\/\/mmktpro.com\/ubach\/productes\/ulleres-de-sol\/\" target=\"_self\" title=\"\">\n\t\t\t\t\t\t\t<div class=\"thumbnail\">\n\t\t\t\t\t\t\t\t<img src=\"https:\/\/opticaubach.com\/wp-content\/uploads\/2018\/12\/sunglasses-1.jpg\" alt\/>\n\t\t\t\t\t\t\t\t<div class=\"caption\">\n\t\t\t\t\t\t\t\t\t<div class=\"ws-lookbook-holder\">\n\t\t\t\t\t\t\t\t\t\t<div class=\"ws-lookbook-content\">\n\t\t\t\t\t\t\t\t\t\t\t<h3>Ulleres de sol<\/h3>\n\t\t\t\t\t\t\t\t\t\t<\/div>\n\t\t\t\t\t\t\t\t\t<\/div>\n\t\t\t\t\t\t\t\t<\/div>\n\t\t\t\t\t\t\t<\/div>\n\t\t\t\t\t\t<\/a>\n\t\t\t\t\t<\/div><\/div><\/div><\/div><div class=\"wpb_column vc_column_container vc_col-sm-2\"><div class=\"vc_column-inner\"><div class=\"wpb_wrapper\"><!-- Item -->\n\t\t\t\t\t<div class=\"ws-lookbook-item\">\n\t\t\t\t\t\t<a href=\"https:\/\/mmktpro.com\/ubach\/productes\/lents-de-contacte\/\" target=\"_self\" title=\"\">\n\t\t\t\t\t\t\t<div class=\"thumbnail\">\n\t\t\t\t\t\t\t\t<img src=\"https:\/\/opticaubach.com\/wp-content\/uploads\/2018\/12\/2_fons_opt.jpg\" alt\/>\n\t\t\t\t\t\t\t\t<div class=\"caption\">\n\t\t\t\t\t\t\t\t\t<div class=\"ws-lookbook-holder\">\n\t\t\t\t\t\t\t\t\t\t<div class=\"ws-lookbook-content\">\n\t\t\t\t\t\t\t\t\t\t\t<h3>Lents de contacte<\/h3>\n\t\t\t\t\t\t\t\t\t\t<\/div>\n\t\t\t\t\t\t\t\t\t<\/div>\n\t\t\t\t\t\t\t\t<\/div>\n\t\t\t\t\t\t\t<\/div>\n\t\t\t\t\t\t<\/a>\n\t\t\t\t\t<\/div><\/div><\/div><\/div><div class=\"wpb_column vc_column_container vc_col-sm-2\"><div class=\"vc_column-inner\"><div class=\"wpb_wrapper\"><!-- Item -->\n\t\t\t\t\t<div class=\"ws-lookbook-item\">\n\t\t\t\t\t\t<a href=\"https:\/\/mmktpro.com\/ubach\/productes\/audiofons\/\" target=\"_self\" title=\"\">\n\t\t\t\t\t\t\t<div class=\"thumbnail\">\n\t\t\t\t\t\t\t\t<img src=\"https:\/\/opticaubach.com\/wp-content\/uploads\/2018\/12\/audiologia.jpg\" alt\/>\n\t\t\t\t\t\t\t\t<div class=\"caption\">\n\t\t\t\t\t\t\t\t\t<div class=\"ws-lookbook-holder\">\n\t\t\t\t\t\t\t\t\t\t<div class=\"ws-lookbook-content\">\n\t\t\t\t\t\t\t\t\t\t\t<h3>Audiologia<\/h3>\n\t\t\t\t\t\t\t\t\t\t<\/div>\n\t\t\t\t\t\t\t\t\t<\/div>\n\t\t\t\t\t\t\t\t<\/div>\n\t\t\t\t\t\t\t<\/div>\n\t\t\t\t\t\t<\/a>\n\t\t\t\t\t<\/div><\/div><\/div><\/div><div class=\"wpb_column vc_column_container vc_col-sm-2\"><div class=\"vc_column-inner\"><div class=\"wpb_wrapper\"><\/div><\/div><\/div><\/div><div class=\"vc_row-full-width vc_clearfix\"><\/div><\/div>[\/vc_column][\/vc_row][vc_section full_width=&#8221;stretch_row_content&#8221; css=&#8221;.vc_custom_1543431357854{padding-top: 45px !important;padding-right: 20px !important;padding-bottom: 0px !important;padding-left: 20px !important;background-color: #f4f4f4 !important;}&#8221;][vc_row][vc_column][vc_custom_heading text=&#8221;Instal\u00b7lacions&#8221; font_container=&#8221;tag:h3|text_align:center&#8221; use_theme_fonts=&#8221;yes&#8221;][vc_separator color=&#8221;custom&#8221; border_width=&#8221;2&#8243; el_width=&#8221;10&#8243; accent_color=&#8221;#162ca4&#8243; css=&#8221;.vc_custom_1543850119493{padding-top: 20px !important;padding-bottom: 30px !important;}&#8221;][\/vc_column][\/vc_row][vc_row full_width=&#8221;stretch_row_content_no_spaces&#8221;][vc_column][vc_media_grid gap=&#8221;0&#8243; item=&#8221;250&#8243; grid_id=&#8221;vc_gid:1741783168811-6cb604aa-91f5-8&#8243; include=&#8221;236,235,234,233,232,231&#8243;][\/vc_column][\/vc_row][\/vc_section][vc_row][vc_column]<div class=\"templatera_shortcode\"><section data-vc-full-width=\"true\" data-vc-full-width-init=\"false\" class=\"vc_section footer-section vc_custom_1543430223178 vc_section-has-fill\"><div class=\"vc_row wpb_row vc_row-fluid\"><div class=\"wpb_column vc_column_container vc_col-sm-3\"><div class=\"vc_column-inner\"><div class=\"wpb_wrapper\"><div  class=\"vc_wp_custommenu wpb_content_element\"><div class=\"widget widget_nav_menu\"><h2 class=\"widgettitle\">Productes<\/h2><div class=\"menu-productes-cat-container\"><ul id=\"menu-productes-cat\" class=\"menu\"><li id=\"menu-item-208\" class=\"menu-item menu-item-type-post_type menu-item-object-page menu-item-208\"><a href=\"https:\/\/opticaubach.com\/ca\/productes\/lents-oftalmiques\/\">Lents oft\u00e0lmiques<\/a><\/li>\n<li id=\"menu-item-207\" class=\"menu-item menu-item-type-post_type menu-item-object-page menu-item-207\"><a href=\"https:\/\/opticaubach.com\/ca\/productes\/montures\/\">Muntures de ulleres<\/a><\/li>\n<li id=\"menu-item-206\" class=\"menu-item menu-item-type-post_type menu-item-object-page menu-item-206\"><a href=\"https:\/\/opticaubach.com\/ca\/productes\/ulleres-de-sol\/\">Ulleres de Sol<\/a><\/li>\n<li id=\"menu-item-205\" class=\"menu-item menu-item-type-post_type menu-item-object-page menu-item-205\"><a href=\"https:\/\/opticaubach.com\/ca\/productes\/lents-de-contacte\/\">Lents de contacte<\/a><\/li>\n<li id=\"menu-item-204\" class=\"menu-item menu-item-type-post_type menu-item-object-page menu-item-204\"><a href=\"https:\/\/opticaubach.com\/ca\/productes\/audiofons\/\">Audi\u00f2fons<\/a><\/li>\n<\/ul><\/div><\/div><\/div><\/div><\/div><\/div><div class=\"wpb_column vc_column_container vc_col-sm-9\"><div class=\"vc_column-inner\"><div class=\"wpb_wrapper\"><div class=\"vc_row wpb_row vc_inner vc_row-fluid vc_custom_1543431163655\"><div class=\"wpb_column vc_column_container vc_col-sm-6\"><div class=\"vc_column-inner\"><div class=\"wpb_wrapper\">\n\t<div class=\"wpb_raw_code wpb_content_element wpb_raw_html\" >\n\t\t<div class=\"wpb_wrapper\">\n\t\t\t<!-- Left Icon -->\n<div class=\"elements-features-left-icon\">\n    <div class=\"features-item\">\n        <div class=\"col-sm-2 col-no-p\">\n            <div class=\"features-icon\">\n                <span class=\"fa fa-clock-o\"><\/span>\n            <\/div>\n        <\/div>\n        <div class=\"col-sm-10 col-no-p\">\n            <h3 class=\"features-title\">Horario<\/h3>\n            <div class=\"features-descr\">Dilluns a Divendres: 09.45h a 13.30h i 17.00h a 20.15h.<br\/>Dissabte: 10.00h a 13.30h, tardes tancat excepte visites programades.<\/div>\n        <\/div>\n    <\/div>\n<\/div>\n\t\t<\/div>\n\t<\/div>\n<\/div><\/div><\/div><div class=\"wpb_column vc_column_container vc_col-sm-6\"><div class=\"vc_column-inner\"><div class=\"wpb_wrapper\"> <!-- Left Icon -->\n\t\t\t\t\t<div class=\"elements-features-left-icon\">\n\t\t\t\t\t\t<div class=\"features-item\">\n\t\t\t\t\t\t\t<div class=\"col-sm-2 col-no-p\">\n\t\t\t\t\t\t\t\t<div class=\"features-icon\">\n\t\t\t\t\t\t\t\t\t<span class=\"fa fa-phone\"><\/span>\n\t\t\t\t\t\t\t\t<\/div>\n\t\t\t\t\t\t\t<\/div>\n\t\t\t\t\t\t\t<div class=\"col-sm-10 col-no-p\">\n\t\t\t\t\t\t\t\t<h3 class=\"features-title\">Tel\u00e8fon<\/h3>\n\t\t\t\t\t\t\t\t<div class=\"features-descr\">937 952 762<\/div>\n\t\t\t\t\t\t\t<\/div>\n\t\t\t\t\t\t<\/div>\n\t\t\t\t\t<\/div><div class=\"vc_empty_space\"   style=\"height: 85px\"><span class=\"vc_empty_space_inner\"><\/span><\/div> <!-- Left Icon -->\n\t\t\t\t\t<div class=\"elements-features-left-icon\">\n\t\t\t\t\t\t<div class=\"features-item\">\n\t\t\t\t\t\t\t<div class=\"col-sm-2 col-no-p\">\n\t\t\t\t\t\t\t\t<div class=\"features-icon\">\n\t\t\t\t\t\t\t\t\t<span class=\"fa fa-whatsapp\"><\/span>\n\t\t\t\t\t\t\t\t<\/div>\n\t\t\t\t\t\t\t<\/div>\n\t\t\t\t\t\t\t<div class=\"col-sm-10 col-no-p\">\n\t\t\t\t\t\t\t\t<h3 class=\"features-title\">Whatsapp<\/h3>\n\t\t\t\t\t\t\t\t<div class=\"features-descr\">662 305 759<\/div>\n\t\t\t\t\t\t\t<\/div>\n\t\t\t\t\t\t<\/div>\n\t\t\t\t\t<\/div><\/div><\/div><\/div><\/div><div class=\"vc_row wpb_row vc_inner vc_row-fluid vc_custom_1543431168740\"><div class=\"wpb_column vc_column_container vc_col-sm-6\"><div class=\"vc_column-inner\"><div class=\"wpb_wrapper\"> <!-- Left Icon -->\n\t\t\t\t\t<div class=\"elements-features-left-icon\">\n\t\t\t\t\t\t<div class=\"features-item\">\n\t\t\t\t\t\t\t<div class=\"col-sm-2 col-no-p\">\n\t\t\t\t\t\t\t\t<div class=\"features-icon\">\n\t\t\t\t\t\t\t\t\t<span class=\"fa fa-map-marker\"><\/span>\n\t\t\t\t\t\t\t\t<\/div>\n\t\t\t\t\t\t\t<\/div>\n\t\t\t\t\t\t\t<div class=\"col-sm-10 col-no-p\">\n\t\t\t\t\t\t\t\t<h3 class=\"features-title\">Adre\u00e7a<\/h3>\n\t\t\t\t\t\t\t\t<div class=\"features-descr\">Carrer Munt, 12<br \/>\r\n08392 Sant Andreu de Llavaneres<\/div>\n\t\t\t\t\t\t\t<\/div>\n\t\t\t\t\t\t<\/div>\n\t\t\t\t\t<\/div><\/div><\/div><\/div><div class=\"wpb_column vc_column_container vc_col-sm-6\"><div class=\"vc_column-inner\"><div class=\"wpb_wrapper\"> <!-- Left Icon -->\n\t\t\t\t\t<div class=\"elements-features-left-icon\">\n\t\t\t\t\t\t<div class=\"features-item\">\n\t\t\t\t\t\t\t<div class=\"col-sm-2 col-no-p\">\n\t\t\t\t\t\t\t\t<div class=\"features-icon\">\n\t\t\t\t\t\t\t\t\t<span class=\"fa fa-envelope\"><\/span>\n\t\t\t\t\t\t\t\t<\/div>\n\t\t\t\t\t\t\t<\/div>\n\t\t\t\t\t\t\t<div class=\"col-sm-10 col-no-p\">\n\t\t\t\t\t\t\t\t<h3 class=\"features-title\">Correu<\/h3>\n\t\t\t\t\t\t\t\t<div class=\"features-descr\">web@opticaubach.com<\/div>\n\t\t\t\t\t\t\t<\/div>\n\t\t\t\t\t\t<\/div>\n\t\t\t\t\t<\/div><\/div><\/div><\/div><\/div><\/div><\/div><\/div><\/div><\/section><div class=\"vc_row-full-width vc_clearfix\"><\/div>\r\n<\/div>[\/vc_column][\/vc_row]<\/p>\n<\/section>","protected":false},"excerpt":{"rendered":"ProductesLents oft\u00e0lmiques Muntures de ulleres Ulleres de Sol Lents de contacte Audi\u00f2fons Horario Dilluns a Divendres: 09.45h a 13.30h i 17.00h a 20.15h.Dissabte: 10.00h a 13.30h, tardes tancat excepte visites programades. Tel\u00e8fon 937 952 762 Whatsapp 662 305 759 Adre\u00e7a Carrer Munt, 12 08392 Sant Andreu de Llavaneres Correu web@opticaubach.com","protected":false},"author":1,"featured_media":0,"parent":0,"menu_order":0,"comment_status":"closed","ping_status":"closed","template":"template-page.php","meta":{"_seopress_robots_primary_cat":""},"_links":{"self":[{"href":"https:\/\/opticaubach.com\/ca\/wp-json\/wp\/v2\/pages\/10"}],"collection":[{"href":"https:\/\/opticaubach.com\/ca\/wp-json\/wp\/v2\/pages"}],"about":[{"href":"https:\/\/opticaubach.com\/ca\/wp-json\/wp\/v2\/types\/page"}],"author":[{"embeddable":true,"href":"https:\/\/opticaubach.com\/ca\/wp-json\/wp\/v2\/users\/1"}],"replies":[{"embeddable":true,"href":"https:\/\/opticaubach.com\/ca\/wp-json\/wp\/v2\/comments?post=10"}],"version-history":[{"count":5,"href":"https:\/\/opticaubach.com\/ca\/wp-json\/wp\/v2\/pages\/10\/revisions"}],"predecessor-version":[{"id":778,"href":"https:\/\/opticaubach.com\/ca\/wp-json\/wp\/v2\/pages\/10\/revisions\/778"}],"wp:attachment":[{"href":"https:\/\/opticaubach.com\/ca\/wp-json\/wp\/v2\/media?parent=10"}],"curies":[{"name":"wp","href":"https:\/\/api.w.org\/{rel}","templated":true}]}}