{"id":33,"date":"2018-11-28T10:43:42","date_gmt":"2018-11-28T10:43:42","guid":{"rendered":"https:\/\/mmktpro.com\/ubach\/?page_id=33"},"modified":"2025-03-12T12:57:21","modified_gmt":"2025-03-12T12:57:21","slug":"inici","status":"publish","type":"page","link":"https:\/\/opticaubach.com\/ca\/","title":{"rendered":"Inici"},"content":{"rendered":"<section class=\"wpb-content-wrapper\"><p>[vc_row][vc_column][rev_slider_vc alias=&#8221;inici-cat&#8221;][\/vc_column][\/vc_row][vc_row full_width=&#8221;stretch_row_content_no_spaces&#8221; equal_height=&#8221;yes&#8221; content_placement=&#8221;top&#8221; css=&#8221;.vc_custom_1545407076181{background-color: #ededed !important;}&#8221; el_class=&#8221;three-banners&#8221;][vc_column parallax=&#8221;content-moving&#8221; parallax_image=&#8221;573&#8243; width=&#8221;1\/3&#8243; css=&#8221;.vc_custom_1545392710636{padding-top: 45px !important;padding-right: 45px !important;padding-bottom: 45px !important;padding-left: 45px !important;}&#8221;][vc_empty_space height=&#8221;90px&#8221;][vc_custom_heading text=&#8221;SERVEIS&#8221; font_container=&#8221;tag:h4|text_align:center&#8221; use_theme_fonts=&#8221;yes&#8221;][vc_separator color=&#8221;custom&#8221; border_width=&#8221;2&#8243; el_width=&#8221;10&#8243; accent_color=&#8221;#162ca4&#8243; css=&#8221;.vc_custom_1543594801360{padding-top: 20px !important;padding-bottom: 20px !important;}&#8221;][vc_column_text]<\/p>\n<p style=\"text-align: center;\">Posem al teu servei les \u00faltimes tecnologies m\u00e9s adequades a les teves necessitats de salut visual i auditiva, i sempre a prop teu.<\/p>\n<p>[\/vc_column_text][vc_btn title=&#8221;+ info&#8221; style=&#8221;flat&#8221; shape=&#8221;square&#8221; color=&#8221;white&#8221; align=&#8221;center&#8221; link=&#8221;url:https%3A%2F%2Fopticaubach.com%2Fserveis%2F|||&#8221; css=&#8221;.vc_custom_1543842701203{margin-top: 30px !important;}&#8221;][vc_empty_space height=&#8221;30px&#8221;][\/vc_column][vc_column parallax=&#8221;content-moving&#8221; parallax_image=&#8221;570&#8243; width=&#8221;1\/3&#8243; css=&#8221;.vc_custom_1545392611972{padding-top: 45px !important;padding-right: 45px !important;padding-bottom: 45px !important;padding-left: 45px !important;}&#8221;][vc_empty_space height=&#8221;90px&#8221;][vc_custom_heading text=&#8221;COMANDES&#8221; font_container=&#8221;tag:h4|text_align:center&#8221; use_theme_fonts=&#8221;yes&#8221;][vc_separator color=&#8221;custom&#8221; border_width=&#8221;2&#8243; el_width=&#8221;10&#8243; accent_color=&#8221;#162ca4&#8243; css=&#8221;.vc_custom_1543594801360{padding-top: 20px !important;padding-bottom: 20px !important;}&#8221;][vc_column_text]<\/p>\n<p style=\"text-align: center;\">Necessites reposar les teves lents de contacte?<br \/>\nAra pots fer-ho des de casa<\/p>\n<p>[\/vc_column_text][vc_btn title=&#8221;+ info&#8221; style=&#8221;flat&#8221; shape=&#8221;square&#8221; color=&#8221;white&#8221; align=&#8221;center&#8221; link=&#8221;url:https%3A%2F%2Fopticaubach.com%2Fcomandes%2F|||&#8221; css=&#8221;.vc_custom_1543842633037{margin-top: 30px !important;}&#8221;][vc_empty_space height=&#8221;30px&#8221;][\/vc_column][vc_column parallax=&#8221;content-moving&#8221; parallax_image=&#8221;293&#8243; width=&#8221;1\/3&#8243; css=&#8221;.vc_custom_1543842595240{padding-top: 45px !important;padding-right: 45px !important;padding-bottom: 45px !important;padding-left: 45px !important;}&#8221;][vc_empty_space height=&#8221;90px&#8221;][vc_custom_heading text=&#8221;CENTRE AUDITIU OFICIAL WIDEX&#8221; font_container=&#8221;tag:h4|text_align:center&#8221; use_theme_fonts=&#8221;yes&#8221;][vc_separator color=&#8221;custom&#8221; border_width=&#8221;2&#8243; el_width=&#8221;10&#8243; accent_color=&#8221;#162ca4&#8243; css=&#8221;.vc_custom_1543594801360{padding-top: 20px !important;padding-bottom: 20px !important;}&#8221;][vc_column_text]<\/p>\n<p style=\"text-align: center;\">Amb el Servei integral d&#8217;audici\u00f3 Widex proporcionem les millors solucions perqu\u00e8 les persones amb p\u00e8rdua auditiva tinguin igual qualitat de vida que les que no en tenen.<\/p>\n<p>[\/vc_column_text][vc_btn title=&#8221;+ info&#8221; style=&#8221;flat&#8221; shape=&#8221;square&#8221; color=&#8221;white&#8221; align=&#8221;center&#8221; link=&#8221;url:https%3A%2F%2Fopticaubach.com%2Fproductes%2Faudiofons%2F|||&#8221; css=&#8221;.vc_custom_1543842715005{margin-top: 30px !important;}&#8221;][vc_empty_space height=&#8221;30px&#8221;][\/vc_column][\/vc_row][vc_row full_width=&#8221;stretch_row&#8221; css=&#8221;.vc_custom_1543595271959{padding-top: 45px !important;background-color: #f4f4f4 !important;}&#8221;][vc_column][vc_custom_heading text=&#8221;Els nostres productes&#8221; font_container=&#8221;tag:h3|text_align:center&#8221; use_theme_fonts=&#8221;yes&#8221;][vc_separator color=&#8221;custom&#8221; border_width=&#8221;2&#8243; el_width=&#8221;10&#8243; accent_color=&#8221;#162ca4&#8243; css=&#8221;.vc_custom_1543849875689{padding-top: 20px !important;padding-bottom: 30px !important;}&#8221;][\/vc_column][\/vc_row][vc_row full_width=&#8221;stretch_row_content&#8221; el_class=&#8221;five-columns&#8221; css=&#8221;.vc_custom_1543843261576{padding-bottom: 45px !important;background-color: #f4f4f4 !important;}&#8221;][vc_column width=&#8221;1\/6&#8243;]<!-- Item -->\n\t\t\t\t\t<div class=\"ws-lookbook-item\">\n\t\t\t\t\t\t<a href=\"https:\/\/opticaubach.com\/productes\/lents-oftalmiques\/\" target=\"_self\" title=\"\">\n\t\t\t\t\t\t\t<div class=\"thumbnail\">\n\t\t\t\t\t\t\t\t<img src=\"https:\/\/opticaubach.com\/wp-content\/uploads\/2019\/01\/Lents-oftalmiques-imatge_optimitzada.jpg\" alt\/>\n\t\t\t\t\t\t\t\t<div class=\"caption\">\n\t\t\t\t\t\t\t\t\t<div class=\"ws-lookbook-holder\">\n\t\t\t\t\t\t\t\t\t\t<div class=\"ws-lookbook-content\">\n\t\t\t\t\t\t\t\t\t\t\t<h3>Lents oft\u00e0lmiques<\/h3>\n\t\t\t\t\t\t\t\t\t\t<\/div>\n\t\t\t\t\t\t\t\t\t<\/div>\n\t\t\t\t\t\t\t\t<\/div>\n\t\t\t\t\t\t\t<\/div>\n\t\t\t\t\t\t<\/a>\n\t\t\t\t\t<\/div>[\/vc_column][vc_column width=&#8221;1\/6&#8243;]<!-- Item -->\n\t\t\t\t\t<div class=\"ws-lookbook-item\">\n\t\t\t\t\t\t<a href=\"https:\/\/opticaubach.com\/productes\/montures\/\" target=\"_self\" title=\"\">\n\t\t\t\t\t\t\t<div class=\"thumbnail\">\n\t\t\t\t\t\t\t\t<img src=\"https:\/\/opticaubach.com\/wp-content\/uploads\/2018\/12\/montures.jpg\" alt\/>\n\t\t\t\t\t\t\t\t<div class=\"caption\">\n\t\t\t\t\t\t\t\t\t<div class=\"ws-lookbook-holder\">\n\t\t\t\t\t\t\t\t\t\t<div class=\"ws-lookbook-content\">\n\t\t\t\t\t\t\t\t\t\t\t<h3>Montures<\/h3>\n\t\t\t\t\t\t\t\t\t\t<\/div>\n\t\t\t\t\t\t\t\t\t<\/div>\n\t\t\t\t\t\t\t\t<\/div>\n\t\t\t\t\t\t\t<\/div>\n\t\t\t\t\t\t<\/a>\n\t\t\t\t\t<\/div>[\/vc_column][vc_column width=&#8221;1\/6&#8243;]<!-- Item -->\n\t\t\t\t\t<div class=\"ws-lookbook-item\">\n\t\t\t\t\t\t<a href=\"https:\/\/opticaubach.com\/productes\/ulleres-de-sol\/\" target=\"_self\" title=\"\">\n\t\t\t\t\t\t\t<div class=\"thumbnail\">\n\t\t\t\t\t\t\t\t<img src=\"https:\/\/opticaubach.com\/wp-content\/uploads\/2018\/12\/sunglasses-1.jpg\" alt\/>\n\t\t\t\t\t\t\t\t<div class=\"caption\">\n\t\t\t\t\t\t\t\t\t<div class=\"ws-lookbook-holder\">\n\t\t\t\t\t\t\t\t\t\t<div class=\"ws-lookbook-content\">\n\t\t\t\t\t\t\t\t\t\t\t<h3>Ulleres de sol<\/h3>\n\t\t\t\t\t\t\t\t\t\t<\/div>\n\t\t\t\t\t\t\t\t\t<\/div>\n\t\t\t\t\t\t\t\t<\/div>\n\t\t\t\t\t\t\t<\/div>\n\t\t\t\t\t\t<\/a>\n\t\t\t\t\t<\/div>[\/vc_column][vc_column width=&#8221;1\/6&#8243;]<!-- Item -->\n\t\t\t\t\t<div class=\"ws-lookbook-item\">\n\t\t\t\t\t\t<a href=\"https:\/\/opticaubach.com\/productes\/lents-de-contacte\/\" target=\"_self\" title=\"\">\n\t\t\t\t\t\t\t<div class=\"thumbnail\">\n\t\t\t\t\t\t\t\t<img src=\"https:\/\/opticaubach.com\/wp-content\/uploads\/2018\/12\/2_fons_opt.jpg\" alt\/>\n\t\t\t\t\t\t\t\t<div class=\"caption\">\n\t\t\t\t\t\t\t\t\t<div class=\"ws-lookbook-holder\">\n\t\t\t\t\t\t\t\t\t\t<div class=\"ws-lookbook-content\">\n\t\t\t\t\t\t\t\t\t\t\t<h3>Lents de contacte<\/h3>\n\t\t\t\t\t\t\t\t\t\t<\/div>\n\t\t\t\t\t\t\t\t\t<\/div>\n\t\t\t\t\t\t\t\t<\/div>\n\t\t\t\t\t\t\t<\/div>\n\t\t\t\t\t\t<\/a>\n\t\t\t\t\t<\/div>[\/vc_column][vc_column width=&#8221;1\/6&#8243;]<!-- Item -->\n\t\t\t\t\t<div class=\"ws-lookbook-item\">\n\t\t\t\t\t\t<a href=\"https:\/\/opticaubach.com\/productes\/audiofons\/\" target=\"_self\" title=\"\">\n\t\t\t\t\t\t\t<div class=\"thumbnail\">\n\t\t\t\t\t\t\t\t<img src=\"https:\/\/opticaubach.com\/wp-content\/uploads\/2018\/12\/audiologia.jpg\" alt\/>\n\t\t\t\t\t\t\t\t<div class=\"caption\">\n\t\t\t\t\t\t\t\t\t<div class=\"ws-lookbook-holder\">\n\t\t\t\t\t\t\t\t\t\t<div class=\"ws-lookbook-content\">\n\t\t\t\t\t\t\t\t\t\t\t<h3>Audiologia<\/h3>\n\t\t\t\t\t\t\t\t\t\t<\/div>\n\t\t\t\t\t\t\t\t\t<\/div>\n\t\t\t\t\t\t\t\t<\/div>\n\t\t\t\t\t\t\t<\/div>\n\t\t\t\t\t\t<\/a>\n\t\t\t\t\t<\/div>[\/vc_column][vc_column width=&#8221;1\/6&#8243;][\/vc_column][\/vc_row][vc_row full_width=&#8221;stretch_row&#8221; css=&#8221;.vc_custom_1543849991490{padding-top: 5px !important;}&#8221;][vc_column][vc_custom_heading text=&#8221;Novetats sobre ulleres i tend\u00e8ncies \u00f2ptiques&#8221; font_container=&#8221;tag:h2|text_align:center&#8221; use_theme_fonts=&#8221;yes&#8221;][vc_separator color=&#8221;custom&#8221; border_width=&#8221;2&#8243; el_width=&#8221;10&#8243; accent_color=&#8221;#162ca4&#8243; css=&#8221;.vc_custom_1543849882260{padding-top: 20px !important;padding-bottom: 30px !important;}&#8221;][\/vc_column][\/vc_row][vc_row][vc_column]<div class=\"row\"><!-- Blog Item -->\n\t\t\t\t\t\t\t<article id=\"post-284\" class=\"ws-journal-article col-sm-6 col-md-4\">\n\t\t\t\t\t\t\t\t<header>\n\t\t\t\t\t\t\t\t\t<!-- Image -->\n\t\t\t\t\t\t\t\t\t<div class=\"ws-journal-image\">\n\t\t\t\t\t\t\t\t\t\t<figure>\n\t\t\t\t\t\t\t\t\t\t\t<a href=\"https:\/\/opticaubach.com\/ca\/2018\/12\/03\/etnia-barcelona-nova-col-leccio-nova-campanya-servei-anartist-2\/\">\n\t\t\t\t\t\t\t\t\t\t\t\t<img width=\"1600\" height=\"900\" src=\"https:\/\/opticaubach.com\/wp-content\/uploads\/2018\/12\/ETNIA_BARCELONAB.jpg\" class=\"attachment-full size-full wp-post-image\" alt=\"\" decoding=\"async\" srcset=\"https:\/\/opticaubach.com\/wp-content\/uploads\/2018\/12\/ETNIA_BARCELONAB.jpg 1600w, https:\/\/opticaubach.com\/wp-content\/uploads\/2018\/12\/ETNIA_BARCELONAB-300x169.jpg 300w, https:\/\/opticaubach.com\/wp-content\/uploads\/2018\/12\/ETNIA_BARCELONAB-768x432.jpg 768w, https:\/\/opticaubach.com\/wp-content\/uploads\/2018\/12\/ETNIA_BARCELONAB-1024x576.jpg 1024w\" sizes=\"(max-width: 1600px) 100vw, 1600px\" \/>\n\t\t\t\t\t\t\t\t\t\t\t<\/a>\n\t\t\t\t\t\t\t\t\t\t<\/figure>\n\t\t\t\t\t\t\t\t\t<\/div>\n\t\t\t\t\t\t\t\t<\/header>\n\t\t\t\t\t\t\t\t<div class=\"ws-journal-body\">\n\t\t\t\t\t\t\t\t\t<!-- Category -->\n\t\t\t\t\t\t\t\t\t<div class=\"ws-journal-category\">\n\t\t\t\t\t\t\t\t\t\t<h4>noticies<\/h4>\n\t\t\t\t\t\t\t\t\t<\/div>\n\n\t\t\t\t\t\t\t\t\t<!-- Title -->\n\t\t\t\t\t\t\t\t\t<div class=\"ws-journal-title\">\n\t\t\t\t\t\t\t\t\t\t<a href=\"https:\/\/opticaubach.com\/ca\/2018\/12\/03\/etnia-barcelona-nova-col-leccio-nova-campanya-servei-anartist-2\/\"><h3>ETNIA BARCELONA: NOVA COL.LECCI\u00d3, NOVA CAMPANYA: SERVEI ANARTIST 2<\/h3><\/a>\n\t\t\t\t\t\t\t\t\t<\/div>\n\n\t\t\t\t\t\t\t\t\t<!-- Content -->\n\t\t\t\t\t\t\t\t\t<div class=\"ws-journal-content\">\n\n\t\t\t\t\t\t\t\t\t\tFidels a la seva actitud Anartista, ETNIA BARCELONA llan\u00e7a la campanya \u201cAnartist Series 2\u2033...\n\n\t\t\t\t\t\t\t\t\t<\/div>\n\n\t\t\t\t\t\t\t\t\t<!-- Footer -->\n\t\t\t\t\t\t\t\t\t<div class=\"ws-journal-footer clearfix\">\n\t\t\t\t\t\t\t\t\t\t<!-- Date -->\n\t\t\t\t\t\t\t\t\t\t<div class=\"pull-left\">\n\t\t\t\t\t\t\t\t\t\t\t<div class=\"ws-journal-date\">\n\t\t\t\t\t\t\t\t\t\t\t\tdesembre 3, 2018\n\t\t\t\t\t\t\t\t\t\t\t<\/div>\n\t\t\t\t\t\t\t\t\t\t<\/div>\n\n\t\t\t\t\t\t\t\t\t\t<!-- Button -->\n\t\t\t\t\t\t\t\t\t\t<div class=\"pull-right\">\n\t\t\t\t\t\t\t\t\t\t\t<div class=\"ws-blog-btn\">\n\t\t\t\t\t\t\t\t\t\t\t\t<a class=\"ws-btn\" href=\"https:\/\/opticaubach.com\/ca\/2018\/12\/03\/etnia-barcelona-nova-col-leccio-nova-campanya-servei-anartist-2\/\" role=\"button\">M\u00e9s \u2192<\/a>\n\n\t\t\t\t\t\t\t\t\t\t\t<\/div>\n\t\t\t\t\t\t\t\t\t\t<\/div>\n\t\t\t\t\t\t\t\t\t<\/div>\n\t\t\t\t\t\t\t\t<\/div>\n\n\t\t\t\t\t\t\t<\/article><!-- Blog Item -->\n\t\t\t\t\t\t\t<article id=\"post-244\" class=\"ws-journal-article col-sm-6 col-md-4\">\n\t\t\t\t\t\t\t\t<header>\n\t\t\t\t\t\t\t\t\t<!-- Image -->\n\t\t\t\t\t\t\t\t\t<div class=\"ws-journal-image\">\n\t\t\t\t\t\t\t\t\t\t<figure>\n\t\t\t\t\t\t\t\t\t\t\t<a href=\"https:\/\/opticaubach.com\/ca\/2018\/12\/03\/etnia-barcelona-tribut-al-street-style\/\">\n\t\t\t\t\t\t\t\t\t\t\t\t<img width=\"643\" height=\"429\" src=\"https:\/\/opticaubach.com\/wp-content\/uploads\/2018\/12\/b6d5a969-c592-45d0-8b6c-e6537368542d.jpg\" class=\"attachment-full size-full wp-post-image\" alt=\"\" decoding=\"async\" srcset=\"https:\/\/opticaubach.com\/wp-content\/uploads\/2018\/12\/b6d5a969-c592-45d0-8b6c-e6537368542d.jpg 643w, https:\/\/opticaubach.com\/wp-content\/uploads\/2018\/12\/b6d5a969-c592-45d0-8b6c-e6537368542d-300x200.jpg 300w\" sizes=\"(max-width: 643px) 100vw, 643px\" \/>\n\t\t\t\t\t\t\t\t\t\t\t<\/a>\n\t\t\t\t\t\t\t\t\t\t<\/figure>\n\t\t\t\t\t\t\t\t\t<\/div>\n\t\t\t\t\t\t\t\t<\/header>\n\t\t\t\t\t\t\t\t<div class=\"ws-journal-body\">\n\t\t\t\t\t\t\t\t\t<!-- Category -->\n\t\t\t\t\t\t\t\t\t<div class=\"ws-journal-category\">\n\t\t\t\t\t\t\t\t\t\t<h4>noticies<\/h4>\n\t\t\t\t\t\t\t\t\t<\/div>\n\n\t\t\t\t\t\t\t\t\t<!-- Title -->\n\t\t\t\t\t\t\t\t\t<div class=\"ws-journal-title\">\n\t\t\t\t\t\t\t\t\t\t<a href=\"https:\/\/opticaubach.com\/ca\/2018\/12\/03\/etnia-barcelona-tribut-al-street-style\/\"><h3>ETNIA BARCELONA: TRIBUT AL \u201cSTREET -STYLE\u201d<\/h3><\/a>\n\t\t\t\t\t\t\t\t\t<\/div>\n\n\t\t\t\t\t\t\t\t\t<!-- Content -->\n\t\t\t\t\t\t\t\t\t<div class=\"ws-journal-content\">\n\n\t\t\t\t\t\t\t\t\t\tPer nova campanya d\u2019 Etnia Barcelona, ha comptat de nou amb el fot\u00f2graf californi\u00e0...\n\n\t\t\t\t\t\t\t\t\t<\/div>\n\n\t\t\t\t\t\t\t\t\t<!-- Footer -->\n\t\t\t\t\t\t\t\t\t<div class=\"ws-journal-footer clearfix\">\n\t\t\t\t\t\t\t\t\t\t<!-- Date -->\n\t\t\t\t\t\t\t\t\t\t<div class=\"pull-left\">\n\t\t\t\t\t\t\t\t\t\t\t<div class=\"ws-journal-date\">\n\t\t\t\t\t\t\t\t\t\t\t\tdesembre 3, 2018\n\t\t\t\t\t\t\t\t\t\t\t<\/div>\n\t\t\t\t\t\t\t\t\t\t<\/div>\n\n\t\t\t\t\t\t\t\t\t\t<!-- Button -->\n\t\t\t\t\t\t\t\t\t\t<div class=\"pull-right\">\n\t\t\t\t\t\t\t\t\t\t\t<div class=\"ws-blog-btn\">\n\t\t\t\t\t\t\t\t\t\t\t\t<a class=\"ws-btn\" href=\"https:\/\/opticaubach.com\/ca\/2018\/12\/03\/etnia-barcelona-tribut-al-street-style\/\" role=\"button\">M\u00e9s \u2192<\/a>\n\n\t\t\t\t\t\t\t\t\t\t\t<\/div>\n\t\t\t\t\t\t\t\t\t\t<\/div>\n\t\t\t\t\t\t\t\t\t<\/div>\n\t\t\t\t\t\t\t\t<\/div>\n\n\t\t\t\t\t\t\t<\/article><!-- Blog Item -->\n\t\t\t\t\t\t\t<article id=\"post-36\" class=\"ws-journal-article col-sm-6 col-md-4\">\n\t\t\t\t\t\t\t\t<header>\n\t\t\t\t\t\t\t\t\t<!-- Image -->\n\t\t\t\t\t\t\t\t\t<div class=\"ws-journal-image\">\n\t\t\t\t\t\t\t\t\t\t<figure>\n\t\t\t\t\t\t\t\t\t\t\t<a href=\"https:\/\/opticaubach.com\/ca\/2018\/11\/28\/silhouette-authentic-eyewear-since-1964\/\">\n\t\t\t\t\t\t\t\t\t\t\t\t<img width=\"960\" height=\"960\" src=\"https:\/\/opticaubach.com\/wp-content\/uploads\/2018\/11\/14222170_10153847562173862_8871719951823922835_n.jpg\" class=\"attachment-full size-full wp-post-image\" alt=\"\" decoding=\"async\" srcset=\"https:\/\/opticaubach.com\/wp-content\/uploads\/2018\/11\/14222170_10153847562173862_8871719951823922835_n.jpg 960w, https:\/\/opticaubach.com\/wp-content\/uploads\/2018\/11\/14222170_10153847562173862_8871719951823922835_n-150x150.jpg 150w, https:\/\/opticaubach.com\/wp-content\/uploads\/2018\/11\/14222170_10153847562173862_8871719951823922835_n-300x300.jpg 300w, https:\/\/opticaubach.com\/wp-content\/uploads\/2018\/11\/14222170_10153847562173862_8871719951823922835_n-768x768.jpg 768w, https:\/\/opticaubach.com\/wp-content\/uploads\/2018\/11\/14222170_10153847562173862_8871719951823922835_n-70x70.jpg 70w\" sizes=\"(max-width: 960px) 100vw, 960px\" \/>\n\t\t\t\t\t\t\t\t\t\t\t<\/a>\n\t\t\t\t\t\t\t\t\t\t<\/figure>\n\t\t\t\t\t\t\t\t\t<\/div>\n\t\t\t\t\t\t\t\t<\/header>\n\t\t\t\t\t\t\t\t<div class=\"ws-journal-body\">\n\t\t\t\t\t\t\t\t\t<!-- Category -->\n\t\t\t\t\t\t\t\t\t<div class=\"ws-journal-category\">\n\t\t\t\t\t\t\t\t\t\t<h4>noticies<\/h4>\n\t\t\t\t\t\t\t\t\t<\/div>\n\n\t\t\t\t\t\t\t\t\t<!-- Title -->\n\t\t\t\t\t\t\t\t\t<div class=\"ws-journal-title\">\n\t\t\t\t\t\t\t\t\t\t<a href=\"https:\/\/opticaubach.com\/ca\/2018\/11\/28\/silhouette-authentic-eyewear-since-1964\/\"><h3>Silhouette &#8211; Authentic Eyewear. since 1964<\/h3><\/a>\n\t\t\t\t\t\t\t\t\t<\/div>\n\n\t\t\t\t\t\t\t\t\t<!-- Content -->\n\t\t\t\t\t\t\t\t\t<div class=\"ws-journal-content\">\n\n\t\t\t\t\t\t\t\t\t\tLes coses que s\u00f3n especials s\u00f3n les coses que recordem. Coses que s\u00f3n particularment...\n\n\t\t\t\t\t\t\t\t\t<\/div>\n\n\t\t\t\t\t\t\t\t\t<!-- Footer -->\n\t\t\t\t\t\t\t\t\t<div class=\"ws-journal-footer clearfix\">\n\t\t\t\t\t\t\t\t\t\t<!-- Date -->\n\t\t\t\t\t\t\t\t\t\t<div class=\"pull-left\">\n\t\t\t\t\t\t\t\t\t\t\t<div class=\"ws-journal-date\">\n\t\t\t\t\t\t\t\t\t\t\t\tnovembre 28, 2018\n\t\t\t\t\t\t\t\t\t\t\t<\/div>\n\t\t\t\t\t\t\t\t\t\t<\/div>\n\n\t\t\t\t\t\t\t\t\t\t<!-- Button -->\n\t\t\t\t\t\t\t\t\t\t<div class=\"pull-right\">\n\t\t\t\t\t\t\t\t\t\t\t<div class=\"ws-blog-btn\">\n\t\t\t\t\t\t\t\t\t\t\t\t<a class=\"ws-btn\" href=\"https:\/\/opticaubach.com\/ca\/2018\/11\/28\/silhouette-authentic-eyewear-since-1964\/\" role=\"button\">M\u00e9s \u2192<\/a>\n\n\t\t\t\t\t\t\t\t\t\t\t<\/div>\n\t\t\t\t\t\t\t\t\t\t<\/div>\n\t\t\t\t\t\t\t\t\t<\/div>\n\t\t\t\t\t\t\t\t<\/div>\n\n\t\t\t\t\t\t\t<\/article><\/div>[\/vc_column][\/vc_row][vc_row][vc_column][vc_column_text]<\/p>\n<h1 style=\"text-align: center;\">\u00d2ptica Ubach<\/h1>\n<p>[\/vc_column_text][vc_empty_space]<div class=\"templatera_shortcode\"><section data-vc-full-width=\"true\" data-vc-full-width-init=\"false\" class=\"vc_section footer-section vc_custom_1543430223178 vc_section-has-fill\"><div class=\"vc_row wpb_row vc_row-fluid\"><div class=\"wpb_column vc_column_container vc_col-sm-3\"><div class=\"vc_column-inner\"><div class=\"wpb_wrapper\"><div  class=\"vc_wp_custommenu wpb_content_element\"><div class=\"widget widget_nav_menu\"><h2 class=\"widgettitle\">Productes<\/h2><div class=\"menu-productes-cat-container\"><ul id=\"menu-productes-cat\" class=\"menu\"><li id=\"menu-item-208\" class=\"menu-item menu-item-type-post_type menu-item-object-page menu-item-208\"><a href=\"https:\/\/opticaubach.com\/ca\/productes\/lents-oftalmiques\/\">Lents oft\u00e0lmiques<\/a><\/li>\n<li id=\"menu-item-207\" class=\"menu-item menu-item-type-post_type menu-item-object-page menu-item-207\"><a href=\"https:\/\/opticaubach.com\/ca\/productes\/montures\/\">Muntures de ulleres<\/a><\/li>\n<li id=\"menu-item-206\" class=\"menu-item menu-item-type-post_type menu-item-object-page menu-item-206\"><a href=\"https:\/\/opticaubach.com\/ca\/productes\/ulleres-de-sol\/\">Ulleres de Sol<\/a><\/li>\n<li id=\"menu-item-205\" class=\"menu-item menu-item-type-post_type menu-item-object-page menu-item-205\"><a href=\"https:\/\/opticaubach.com\/ca\/productes\/lents-de-contacte\/\">Lents de contacte<\/a><\/li>\n<li id=\"menu-item-204\" class=\"menu-item menu-item-type-post_type menu-item-object-page menu-item-204\"><a href=\"https:\/\/opticaubach.com\/ca\/productes\/audiofons\/\">Audi\u00f2fons<\/a><\/li>\n<\/ul><\/div><\/div><\/div><\/div><\/div><\/div><div class=\"wpb_column vc_column_container vc_col-sm-9\"><div class=\"vc_column-inner\"><div class=\"wpb_wrapper\"><div class=\"vc_row wpb_row vc_inner vc_row-fluid vc_custom_1543431163655\"><div class=\"wpb_column vc_column_container vc_col-sm-6\"><div class=\"vc_column-inner\"><div class=\"wpb_wrapper\">\n\t<div class=\"wpb_raw_code wpb_content_element wpb_raw_html\" >\n\t\t<div class=\"wpb_wrapper\">\n\t\t\t<!-- Left Icon -->\n<div class=\"elements-features-left-icon\">\n    <div class=\"features-item\">\n        <div class=\"col-sm-2 col-no-p\">\n            <div class=\"features-icon\">\n                <span class=\"fa fa-clock-o\"><\/span>\n            <\/div>\n        <\/div>\n        <div class=\"col-sm-10 col-no-p\">\n            <h3 class=\"features-title\">Horario<\/h3>\n            <div class=\"features-descr\">Dilluns a Divendres: 09.45h a 13.30h i 17.00h a 20.15h.<br\/>Dissabte: 10.00h a 13.30h, tardes tancat excepte visites programades.<\/div>\n        <\/div>\n    <\/div>\n<\/div>\n\t\t<\/div>\n\t<\/div>\n<\/div><\/div><\/div><div class=\"wpb_column vc_column_container vc_col-sm-6\"><div class=\"vc_column-inner\"><div class=\"wpb_wrapper\"> <!-- Left Icon -->\n\t\t\t\t\t<div class=\"elements-features-left-icon\">\n\t\t\t\t\t\t<div class=\"features-item\">\n\t\t\t\t\t\t\t<div class=\"col-sm-2 col-no-p\">\n\t\t\t\t\t\t\t\t<div class=\"features-icon\">\n\t\t\t\t\t\t\t\t\t<span class=\"fa fa-phone\"><\/span>\n\t\t\t\t\t\t\t\t<\/div>\n\t\t\t\t\t\t\t<\/div>\n\t\t\t\t\t\t\t<div class=\"col-sm-10 col-no-p\">\n\t\t\t\t\t\t\t\t<h3 class=\"features-title\">Tel\u00e8fon<\/h3>\n\t\t\t\t\t\t\t\t<div class=\"features-descr\">937 952 762<\/div>\n\t\t\t\t\t\t\t<\/div>\n\t\t\t\t\t\t<\/div>\n\t\t\t\t\t<\/div><div class=\"vc_empty_space\"   style=\"height: 85px\"><span class=\"vc_empty_space_inner\"><\/span><\/div> <!-- Left Icon -->\n\t\t\t\t\t<div class=\"elements-features-left-icon\">\n\t\t\t\t\t\t<div class=\"features-item\">\n\t\t\t\t\t\t\t<div class=\"col-sm-2 col-no-p\">\n\t\t\t\t\t\t\t\t<div class=\"features-icon\">\n\t\t\t\t\t\t\t\t\t<span class=\"fa fa-whatsapp\"><\/span>\n\t\t\t\t\t\t\t\t<\/div>\n\t\t\t\t\t\t\t<\/div>\n\t\t\t\t\t\t\t<div class=\"col-sm-10 col-no-p\">\n\t\t\t\t\t\t\t\t<h3 class=\"features-title\">Whatsapp<\/h3>\n\t\t\t\t\t\t\t\t<div class=\"features-descr\">662 305 759<\/div>\n\t\t\t\t\t\t\t<\/div>\n\t\t\t\t\t\t<\/div>\n\t\t\t\t\t<\/div><\/div><\/div><\/div><\/div><div class=\"vc_row wpb_row vc_inner vc_row-fluid vc_custom_1543431168740\"><div class=\"wpb_column vc_column_container vc_col-sm-6\"><div class=\"vc_column-inner\"><div class=\"wpb_wrapper\"> <!-- Left Icon -->\n\t\t\t\t\t<div class=\"elements-features-left-icon\">\n\t\t\t\t\t\t<div class=\"features-item\">\n\t\t\t\t\t\t\t<div class=\"col-sm-2 col-no-p\">\n\t\t\t\t\t\t\t\t<div class=\"features-icon\">\n\t\t\t\t\t\t\t\t\t<span class=\"fa fa-map-marker\"><\/span>\n\t\t\t\t\t\t\t\t<\/div>\n\t\t\t\t\t\t\t<\/div>\n\t\t\t\t\t\t\t<div class=\"col-sm-10 col-no-p\">\n\t\t\t\t\t\t\t\t<h3 class=\"features-title\">Adre\u00e7a<\/h3>\n\t\t\t\t\t\t\t\t<div class=\"features-descr\">Carrer Munt, 12<br \/>\r\n08392 Sant Andreu de Llavaneres<\/div>\n\t\t\t\t\t\t\t<\/div>\n\t\t\t\t\t\t<\/div>\n\t\t\t\t\t<\/div><\/div><\/div><\/div><div class=\"wpb_column vc_column_container vc_col-sm-6\"><div class=\"vc_column-inner\"><div class=\"wpb_wrapper\"> <!-- Left Icon -->\n\t\t\t\t\t<div class=\"elements-features-left-icon\">\n\t\t\t\t\t\t<div class=\"features-item\">\n\t\t\t\t\t\t\t<div class=\"col-sm-2 col-no-p\">\n\t\t\t\t\t\t\t\t<div class=\"features-icon\">\n\t\t\t\t\t\t\t\t\t<span class=\"fa fa-envelope\"><\/span>\n\t\t\t\t\t\t\t\t<\/div>\n\t\t\t\t\t\t\t<\/div>\n\t\t\t\t\t\t\t<div class=\"col-sm-10 col-no-p\">\n\t\t\t\t\t\t\t\t<h3 class=\"features-title\">Correu<\/h3>\n\t\t\t\t\t\t\t\t<div class=\"features-descr\">web@opticaubach.com<\/div>\n\t\t\t\t\t\t\t<\/div>\n\t\t\t\t\t\t<\/div>\n\t\t\t\t\t<\/div><\/div><\/div><\/div><\/div><\/div><\/div><\/div><\/div><\/section><div class=\"vc_row-full-width vc_clearfix\"><\/div>\r\n<\/div>[\/vc_column][vc_column][\/vc_column][\/vc_row]<\/p>\n<\/section>","protected":false},"excerpt":{"rendered":"ProductesLents oft\u00e0lmiques Muntures de ulleres Ulleres de Sol Lents de contacte Audi\u00f2fons Horario Dilluns a Divendres: 09.45h a 13.30h i 17.00h a 20.15h.Dissabte: 10.00h a 13.30h, tardes tancat excepte visites programades. Tel\u00e8fon 937 952 762 Whatsapp 662 305 759 Adre\u00e7a Carrer Munt, 12 08392 Sant Andreu de Llavaneres Correu web@opticaubach.com","protected":false},"author":1,"featured_media":0,"parent":0,"menu_order":0,"comment_status":"closed","ping_status":"closed","template":"template-home.php","meta":{"_seopress_robots_primary_cat":""},"_links":{"self":[{"href":"https:\/\/opticaubach.com\/ca\/wp-json\/wp\/v2\/pages\/33"}],"collection":[{"href":"https:\/\/opticaubach.com\/ca\/wp-json\/wp\/v2\/pages"}],"about":[{"href":"https:\/\/opticaubach.com\/ca\/wp-json\/wp\/v2\/types\/page"}],"author":[{"embeddable":true,"href":"https:\/\/opticaubach.com\/ca\/wp-json\/wp\/v2\/users\/1"}],"replies":[{"embeddable":true,"href":"https:\/\/opticaubach.com\/ca\/wp-json\/wp\/v2\/comments?post=33"}],"version-history":[{"count":10,"href":"https:\/\/opticaubach.com\/ca\/wp-json\/wp\/v2\/pages\/33\/revisions"}],"predecessor-version":[{"id":790,"href":"https:\/\/opticaubach.com\/ca\/wp-json\/wp\/v2\/pages\/33\/revisions\/790"}],"wp:attachment":[{"href":"https:\/\/opticaubach.com\/ca\/wp-json\/wp\/v2\/media?parent=33"}],"curies":[{"name":"wp","href":"https:\/\/api.w.org\/{rel}","templated":true}]}}