{"id":446,"date":"2018-12-19T10:26:00","date_gmt":"2018-12-19T10:26:00","guid":{"rendered":"https:\/\/mmktpro.com\/ubach\/?page_id=446"},"modified":"2019-07-04T11:08:13","modified_gmt":"2019-07-04T11:08:13","slug":"gafas-de-sol","status":"publish","type":"page","link":"https:\/\/opticaubach.com\/es\/productos\/gafas-de-sol\/","title":{"rendered":"Gafas de sol"},"content":{"rendered":"<section class=\"wpb-content-wrapper\"><p>[vc_row equal_height=\u00bbyes\u00bb content_placement=\u00bbtop\u00bb css=\u00bb.vc_custom_1543418794081{margin-bottom: 45px !important;}\u00bb][vc_column width=\u00bb1\/6&#8243;][\/vc_column][vc_column width=\u00bb2\/3&#8243;][vc_column_text css=\u00bb.vc_custom_1545215120362{margin-top: 30px !important;}\u00bb]<\/p>\n<h3 style=\"text-align: center;\">Hoy en d\u00eda son un elemento de moda, un complemento m\u00e1s, adem\u00e1s de reducir los efectos tan nocivos que provocan las radiaciones solares ultravioletas e infrarrojas en nuestros ojos.<\/h3>\n<p>[\/vc_column_text][vc_separator color=\u00bbcustom\u00bb border_width=\u00bb2&#8243; el_width=\u00bb10&#8243; accent_color=\u00bb#162ca4&#8243; css=\u00bb.vc_custom_1543431908013{padding-top: 30px !important;padding-bottom: 20px !important;}\u00bb][\/vc_column][vc_column width=\u00bb1\/6&#8243;][\/vc_column][\/vc_row][vc_row equal_height=\u00bbyes\u00bb content_placement=\u00bbtop\u00bb css=\u00bb.vc_custom_1543418794081{margin-bottom: 45px !important;}\u00bb][vc_column width=\u00bb1\/2&#8243;][vc_single_image image=\u00bb381&#8243; img_size=\u00bb640&#215;360&#8243;][\/vc_column][vc_column width=\u00bb1\/2&#8243;][vc_column_text css=\u00bb.vc_custom_1545215130130{margin-top: 30px !important;}\u00bb]Disponemos de gran variedad de modelos y marcas, para cubrir necesidades tanto est\u00e9ticas como m\u00e1s pr\u00e1cticas.[\/vc_column_text][vc_separator color=\u00bbcustom\u00bb align=\u00bbalign_left\u00bb border_width=\u00bb2&#8243; el_width=\u00bb20&#8243; accent_color=\u00bb#162ca4&#8243; css=\u00bb.vc_custom_1543432278670{padding-top: 20px !important;padding-bottom: 20px !important;}\u00bb][\/vc_column][\/vc_row][vc_row full_width=\u00bbstretch_row_content\u00bb equal_height=\u00bbyes\u00bb content_placement=\u00bbtop\u00bb css=\u00bb.vc_custom_1543575984202{padding-top: 45px !important;padding-bottom: 45px !important;background-color: #f4f4f4 !important;}\u00bb][vc_column][vc_custom_heading text=\u00bbNuestras marcas\u00bb font_container=\u00bbtag:h3|text_align:center\u00bb use_theme_fonts=\u00bbyes\u00bb][vc_separator color=\u00bbcustom\u00bb border_width=\u00bb2&#8243; el_width=\u00bb10&#8243; accent_color=\u00bb#162ca4&#8243; css=\u00bb.vc_custom_1543576076630{padding-top: 20px !important;padding-bottom: 30px !important;}\u00bb][vc_images_carousel images=\u00bb358,356,355,352,350,349,348,347,740,736,732,738&#8243; img_size=\u00bb200&#215;200&#8243; slides_per_view=\u00bb6&#8243; autoplay=\u00bbyes\u00bb hide_pagination_control=\u00bbyes\u00bb wrap=\u00bbyes\u00bb][\/vc_column][\/vc_row][vc_row full_width=\u00bbstretch_row\u00bb gap=\u00bb30&#8243; equal_height=\u00bbyes\u00bb content_placement=\u00bbmiddle\u00bb woss_parallax=\u00bbyes\u00bb woss_parallax_image=\u00bb332&#8243; css=\u00bb.vc_custom_1543851217868{padding-top: 45px !important;padding-bottom: 45px !important;background-position: center !important;background-repeat: no-repeat !important;background-size: cover !important;}\u00bb][vc_column width=\u00bb1\/4&#8243;][\/vc_column][vc_column width=\u00bb1\/2&#8243;][vc_icon icon_fontawesome=\u00bbfa fa-sun-o\u00bb color=\u00bbcustom\u00bb size=\u00bbxl\u00bb align=\u00bbcenter\u00bb custom_color=\u00bb#162ca4&#8243;][vc_separator color=\u00bbcustom\u00bb border_width=\u00bb2&#8243; el_width=\u00bb20&#8243; accent_color=\u00bb#162ca4&#8243; css=\u00bb.vc_custom_1543419933875{padding-top: 20px !important;padding-bottom: 20px !important;}\u00bb][vc_column_text css=\u00bb.vc_custom_1545215154906{margin-top: 30px !important;}\u00bb]<\/p>\n<h3 style=\"text-align: center;\">Para cubrir necesidades tanto est\u00e9ticas como m\u00e1s pr\u00e1cticas.<\/h3>\n<p>[\/vc_column_text][\/vc_column][vc_column width=\u00bb1\/4&#8243;][\/vc_column][\/vc_row][vc_row full_width=\u00bbstretch_row\u00bb el_class=\u00bbno-margin\u00bb][vc_column]<div class=\"templatera_shortcode\"><section data-vc-full-width=\"true\" data-vc-full-width-init=\"false\" class=\"vc_section footer-section vc_custom_1543430223178 vc_section-has-fill\"><div class=\"vc_row wpb_row vc_row-fluid\"><div class=\"wpb_column vc_column_container vc_col-sm-3\"><div class=\"vc_column-inner\"><div class=\"wpb_wrapper\"><div  class=\"vc_wp_custommenu wpb_content_element\"><div class=\"widget widget_nav_menu\"><h2 class=\"widgettitle\">Productos<\/h2><div class=\"menu-productos-es-container\"><ul id=\"menu-productos-es\" class=\"menu\"><li id=\"menu-item-532\" class=\"menu-item menu-item-type-post_type menu-item-object-page menu-item-532\"><a href=\"https:\/\/opticaubach.com\/es\/productos\/lentes-oftalmicas\/\">Lentes oft\u00e1lmicas<\/a><\/li>\n<li id=\"menu-item-531\" class=\"menu-item menu-item-type-post_type menu-item-object-page menu-item-531\"><a href=\"https:\/\/opticaubach.com\/es\/productos\/monturas\/\">Monturas<\/a><\/li>\n<li id=\"menu-item-530\" class=\"menu-item menu-item-type-post_type menu-item-object-page menu-item-530\"><a href=\"https:\/\/opticaubach.com\/es\/productos\/gafas-de-sol\/\">Gafas de sol<\/a><\/li>\n<li id=\"menu-item-529\" class=\"menu-item menu-item-type-post_type menu-item-object-page menu-item-529\"><a href=\"https:\/\/opticaubach.com\/es\/productos\/lentes-de-contacto\/\">Lentes de contacto<\/a><\/li>\n<li id=\"menu-item-533\" class=\"menu-item menu-item-type-post_type menu-item-object-page menu-item-533\"><a href=\"https:\/\/opticaubach.com\/es\/productos\/audiofons\/\">Aud\u00edfonos<\/a><\/li>\n<\/ul><\/div><\/div><\/div><\/div><\/div><\/div><div class=\"wpb_column vc_column_container vc_col-sm-9\"><div class=\"vc_column-inner\"><div class=\"wpb_wrapper\"><div class=\"vc_row wpb_row vc_inner vc_row-fluid vc_custom_1543431163655\"><div class=\"wpb_column vc_column_container vc_col-sm-6\"><div class=\"vc_column-inner\"><div class=\"wpb_wrapper\">\n\t<div class=\"wpb_raw_code wpb_content_element wpb_raw_html\" >\n\t\t<div class=\"wpb_wrapper\">\n\t\t\t<!-- Left Icon -->\n<div class=\"elements-features-left-icon\">\n    <div class=\"features-item\">\n        <div class=\"col-sm-2 col-no-p\">\n            <div class=\"features-icon\">\n                <span class=\"fa fa-clock-o\"><\/span>\n            <\/div>\n        <\/div>\n        <div class=\"col-sm-10 col-no-p\">\n            <h3 class=\"features-title\">Horario<\/h3>\n            <div class=\"features-descr\">Lunes a Viernes: 09.45h a 13.30h i 17.00h a 20.15h.<br\/>S\u00e1bado: 10.00h a 13.30h, tardes cerrado excepto visitas programadas.<\/div>\n        <\/div>\n    <\/div>\n<\/div>\n\t\t<\/div>\n\t<\/div>\n<\/div><\/div><\/div><div class=\"wpb_column vc_column_container vc_col-sm-6\"><div class=\"vc_column-inner\"><div class=\"wpb_wrapper\"> <!-- Left Icon -->\n\t\t\t\t\t<div class=\"elements-features-left-icon\">\n\t\t\t\t\t\t<div class=\"features-item\">\n\t\t\t\t\t\t\t<div class=\"col-sm-2 col-no-p\">\n\t\t\t\t\t\t\t\t<div class=\"features-icon\">\n\t\t\t\t\t\t\t\t\t<span class=\"fa fa-phone\"><\/span>\n\t\t\t\t\t\t\t\t<\/div>\n\t\t\t\t\t\t\t<\/div>\n\t\t\t\t\t\t\t<div class=\"col-sm-10 col-no-p\">\n\t\t\t\t\t\t\t\t<h3 class=\"features-title\">Tel\u00e9fono<\/h3>\n\t\t\t\t\t\t\t\t<div class=\"features-descr\">937 952 762<\/div>\n\t\t\t\t\t\t\t<\/div>\n\t\t\t\t\t\t<\/div>\n\t\t\t\t\t<\/div><div class=\"vc_empty_space\"   style=\"height: 85px\"><span class=\"vc_empty_space_inner\"><\/span><\/div> <!-- Left Icon -->\n\t\t\t\t\t<div class=\"elements-features-left-icon\">\n\t\t\t\t\t\t<div class=\"features-item\">\n\t\t\t\t\t\t\t<div class=\"col-sm-2 col-no-p\">\n\t\t\t\t\t\t\t\t<div class=\"features-icon\">\n\t\t\t\t\t\t\t\t\t<span class=\"fa fa-whatsapp\"><\/span>\n\t\t\t\t\t\t\t\t<\/div>\n\t\t\t\t\t\t\t<\/div>\n\t\t\t\t\t\t\t<div class=\"col-sm-10 col-no-p\">\n\t\t\t\t\t\t\t\t<h3 class=\"features-title\">Whatsapp<\/h3>\n\t\t\t\t\t\t\t\t<div class=\"features-descr\">662 305 759<\/div>\n\t\t\t\t\t\t\t<\/div>\n\t\t\t\t\t\t<\/div>\n\t\t\t\t\t<\/div><\/div><\/div><\/div><\/div><div class=\"vc_row wpb_row vc_inner vc_row-fluid vc_custom_1543431168740\"><div class=\"wpb_column vc_column_container vc_col-sm-6\"><div class=\"vc_column-inner\"><div class=\"wpb_wrapper\"> <!-- Left Icon -->\n\t\t\t\t\t<div class=\"elements-features-left-icon\">\n\t\t\t\t\t\t<div class=\"features-item\">\n\t\t\t\t\t\t\t<div class=\"col-sm-2 col-no-p\">\n\t\t\t\t\t\t\t\t<div class=\"features-icon\">\n\t\t\t\t\t\t\t\t\t<span class=\"fa fa-map-marker\"><\/span>\n\t\t\t\t\t\t\t\t<\/div>\n\t\t\t\t\t\t\t<\/div>\n\t\t\t\t\t\t\t<div class=\"col-sm-10 col-no-p\">\n\t\t\t\t\t\t\t\t<h3 class=\"features-title\">Direcci\u00f3n<\/h3>\n\t\t\t\t\t\t\t\t<div class=\"features-descr\">Calle Munt 12,<br \/>\r\n08392 Sant Andreu de Llavaneres<\/div>\n\t\t\t\t\t\t\t<\/div>\n\t\t\t\t\t\t<\/div>\n\t\t\t\t\t<\/div><\/div><\/div><\/div><div class=\"wpb_column vc_column_container vc_col-sm-6\"><div class=\"vc_column-inner\"><div class=\"wpb_wrapper\"> <!-- Left Icon -->\n\t\t\t\t\t<div class=\"elements-features-left-icon\">\n\t\t\t\t\t\t<div class=\"features-item\">\n\t\t\t\t\t\t\t<div class=\"col-sm-2 col-no-p\">\n\t\t\t\t\t\t\t\t<div class=\"features-icon\">\n\t\t\t\t\t\t\t\t\t<span class=\"fa fa-envelope\"><\/span>\n\t\t\t\t\t\t\t\t<\/div>\n\t\t\t\t\t\t\t<\/div>\n\t\t\t\t\t\t\t<div class=\"col-sm-10 col-no-p\">\n\t\t\t\t\t\t\t\t<h3 class=\"features-title\">Correo<\/h3>\n\t\t\t\t\t\t\t\t<div class=\"features-descr\">web@opticaubach.com<\/div>\n\t\t\t\t\t\t\t<\/div>\n\t\t\t\t\t\t<\/div>\n\t\t\t\t\t<\/div><\/div><\/div><\/div><\/div><\/div><\/div><\/div><\/div><\/section><div class=\"vc_row-full-width vc_clearfix\"><\/div>\r\n<\/div>[\/vc_column][\/vc_row]<\/p>\n<\/section>","protected":false},"excerpt":{"rendered":"ProductosLentes oft\u00e1lmicas Monturas Gafas de sol Lentes de contacto Aud\u00edfonos Horario Lunes a Viernes: 09.45h a 13.30h i 17.00h a 20.15h.S\u00e1bado: 10.00h a 13.30h, tardes cerrado excepto visitas programadas. Tel\u00e9fono 937 952 762 Whatsapp 662 305 759 Direcci\u00f3n Calle Munt 12, 08392 Sant Andreu de Llavaneres Correo web@opticaubach.com","protected":false},"author":1,"featured_media":0,"parent":411,"menu_order":0,"comment_status":"closed","ping_status":"closed","template":"template-page.php","meta":{"_seopress_robots_primary_cat":""},"_links":{"self":[{"href":"https:\/\/opticaubach.com\/es\/wp-json\/wp\/v2\/pages\/446"}],"collection":[{"href":"https:\/\/opticaubach.com\/es\/wp-json\/wp\/v2\/pages"}],"about":[{"href":"https:\/\/opticaubach.com\/es\/wp-json\/wp\/v2\/types\/page"}],"author":[{"embeddable":true,"href":"https:\/\/opticaubach.com\/es\/wp-json\/wp\/v2\/users\/1"}],"replies":[{"embeddable":true,"href":"https:\/\/opticaubach.com\/es\/wp-json\/wp\/v2\/comments?post=446"}],"version-history":[{"count":3,"href":"https:\/\/opticaubach.com\/es\/wp-json\/wp\/v2\/pages\/446\/revisions"}],"predecessor-version":[{"id":742,"href":"https:\/\/opticaubach.com\/es\/wp-json\/wp\/v2\/pages\/446\/revisions\/742"}],"up":[{"embeddable":true,"href":"https:\/\/opticaubach.com\/es\/wp-json\/wp\/v2\/pages\/411"}],"wp:attachment":[{"href":"https:\/\/opticaubach.com\/es\/wp-json\/wp\/v2\/media?parent=446"}],"curies":[{"name":"wp","href":"https:\/\/api.w.org\/{rel}","templated":true}]}}