{"id":451,"date":"2018-12-19T10:29:47","date_gmt":"2018-12-19T10:29:47","guid":{"rendered":"https:\/\/mmktpro.com\/ubach\/?page_id=451"},"modified":"2019-01-24T08:38:56","modified_gmt":"2019-01-24T08:38:56","slug":"lentes-de-contacto","status":"publish","type":"page","link":"https:\/\/opticaubach.com\/es\/productos\/lentes-de-contacto\/","title":{"rendered":"Lentes de contacto"},"content":{"rendered":"<section class=\"wpb-content-wrapper\"><p>[vc_row equal_height=\u00bbyes\u00bb content_placement=\u00bbtop\u00bb css=\u00bb.vc_custom_1543418794081{margin-bottom: 45px !important;}\u00bb][vc_column width=\u00bb1\/6&#8243;][\/vc_column][vc_column width=\u00bb2\/3&#8243;][vc_column_text css=\u00bb.vc_custom_1545215206905{margin-top: 30px !important;}\u00bb]<\/p>\n<h3 style=\"text-align: center;\">Las lentes de contacto ofrecen una mejor agudeza visual y hace que la visi\u00f3n sea m\u00e1s natural.<\/h3>\n<p>[\/vc_column_text][vc_separator color=\u00bbcustom\u00bb border_width=\u00bb2&#8243; el_width=\u00bb10&#8243; accent_color=\u00bb#162ca4&#8243; css=\u00bb.vc_custom_1543431908013{padding-top: 30px !important;padding-bottom: 20px !important;}\u00bb][\/vc_column][vc_column width=\u00bb1\/6&#8243;][\/vc_column][\/vc_row][vc_row equal_height=\u00bbyes\u00bb content_placement=\u00bbtop\u00bb css=\u00bb.vc_custom_1543418794081{margin-bottom: 45px !important;}\u00bb][vc_column width=\u00bb1\/2&#8243;][vc_single_image image=\u00bb558&#8243; img_size=\u00bb640&#215;360&#8243;][\/vc_column][vc_column width=\u00bb1\/2&#8243;][vc_column_text css=\u00bb.vc_custom_1545215228619{margin-top: 30px !important;}\u00bb]Las lentes de contacto respecto a las gafas ofrecen una mejor agudeza visual, sobre todo en graduaciones medias y altas, proporcionan todo el campo visual y no aumentan ni disminuyen el tama\u00f1o aparente de las cosas. Esto hace que la visi\u00f3n sea m\u00e1s natural.<\/p>\n<p>No hay una edad m\u00ednima para usar lentes de contacto. Todas las edades son apropiadas, incluso en beb\u00e9s, aunque se recomienda que los ni\u00f1os tengan capacidad para manipularlas.[\/vc_column_text][vc_separator color=\u00bbcustom\u00bb align=\u00bbalign_left\u00bb border_width=\u00bb2&#8243; el_width=\u00bb20&#8243; accent_color=\u00bb#162ca4&#8243; css=\u00bb.vc_custom_1543432278670{padding-top: 20px !important;padding-bottom: 20px !important;}\u00bb][\/vc_column][\/vc_row][vc_row full_width=\u00bbstretch_row\u00bb equal_height=\u00bbyes\u00bb content_placement=\u00bbtop\u00bb css=\u00bb.vc_custom_1543577117678{padding-top: 45px !important;padding-bottom: 45px !important;background-color: #f4f4f4 !important;}\u00bb][vc_column width=\u00bb1\/2&#8243;][vc_column_text css=\u00bb.vc_custom_1548318980761{margin-top: 30px !important;}\u00bb]En Optica Ubach nuestros contact\u00f3logos\u00a0te informar\u00e1n y adaptar\u00e1n las mejores lentes de contacto para tu caso, seg\u00fan graduaci\u00f3n, dependiendo para que las quieras usar, topograf\u00eda corneal &#8230;. y te ense\u00f1amos a utilizarlas y manipularlas. PRUEBALAS<\/p>\n<p>Las lentes de contacto m\u00e1s utilizadas hoy en d\u00eda son las lentes blandas desechables. El material m\u00e1s nuevo actualmente en lentes de contacto blandas es el Hidrogel de Silicona, que da un aporte de ox\u00edgeno 5 veces mayor que las lentes de contacto de hidrogel tradicional, por ello, es nuestra primera opci\u00f3n en las adaptaciones de lentes de contacto.[\/vc_column_text][vc_separator color=\u00bbcustom\u00bb align=\u00bbalign_left\u00bb border_width=\u00bb2&#8243; el_width=\u00bb20&#8243; accent_color=\u00bb#162ca4&#8243; css=\u00bb.vc_custom_1543432278670{padding-top: 20px !important;padding-bottom: 20px !important;}\u00bb][\/vc_column][vc_column width=\u00bb1\/2&#8243;][vc_single_image image=\u00bb577&#8243; img_size=\u00bb640&#215;360&#8243;][\/vc_column][\/vc_row][vc_row equal_height=\u00bbyes\u00bb content_placement=\u00bbtop\u00bb css=\u00bb.vc_custom_1543851599789{margin-top: 20px !important;margin-bottom: 55px !important;}\u00bb][vc_column][vc_row_inner css=\u00bb.vc_custom_1543851475518{margin-bottom: 30px !important;}\u00bb][vc_column_inner width=\u00bb1\/4&#8243;][\/vc_column_inner][vc_column_inner width=\u00bb1\/2&#8243;][vc_custom_heading text=\u00bbSeg\u00fan el tipo de utilizaci\u00f3n y \/ o ametrop\u00eda a corregir existen diferentes tipos de lentes blandas:\u00bb font_container=\u00bbtag:h4|text_align:center\u00bb use_theme_fonts=\u00bbyes\u00bb][\/vc_column_inner][vc_column_inner width=\u00bb1\/4&#8243;][\/vc_column_inner][\/vc_row_inner][vc_row_inner][vc_column_inner width=\u00bb1\/2&#8243;][vc_custom_heading text=\u00bbDiarias\u00bb font_container=\u00bbtag:h3|text_align:left\u00bb use_theme_fonts=\u00bbyes\u00bb][vc_separator color=\u00bbcustom\u00bb align=\u00bbalign_left\u00bb border_width=\u00bb2&#8243; el_width=\u00bb20&#8243; accent_color=\u00bb#162ca4&#8243; css=\u00bb.vc_custom_1543851356558{padding-top: 20px !important;padding-bottom: 20px !important;}\u00bb][vc_column_text]Poner, quitar y estrenar lentes cada d\u00eda, es decir, son de un solo uso. Las recomendamos sobre todo para utilizar ocasionalmente y alergias a l\u00edquidos, ya que no hace falta mantenimiento &#8230;<\/p>\n<p>Hay LC diarias esf\u00e9ricas (para corregir miop\u00eda e hipermetrop\u00eda), t\u00f3ricas (para corregir astigmatismo acompa\u00f1ado o no de miop\u00eda o hipermetrop\u00eda), cosm\u00e9ticas (para cambiar el color de tu mirada) y progresivas (para corregir la vista cansada o presbicia)[\/vc_column_text][\/vc_column_inner][vc_column_inner width=\u00bb1\/2&#8243;][vc_custom_heading text=\u00bbMensuales\u00bb font_container=\u00bbtag:h3|text_align:left\u00bb use_theme_fonts=\u00bbyes\u00bb][vc_separator color=\u00bbcustom\u00bb align=\u00bbalign_left\u00bb border_width=\u00bb2&#8243; el_width=\u00bb20&#8243; accent_color=\u00bb#162ca4&#8243; css=\u00bb.vc_custom_1543851356558{padding-top: 20px !important;padding-bottom: 20px !important;}\u00bb][vc_column_text]Recomendadas para usuarios que las utilizan a diario. Se debe sustituir la lente una vez al mes y limpiarlas fuera del ojo, para eliminar las prote\u00ednas, l\u00edpidos y microorganismos existentes en la superficie de la lente cada vez que se vayan a utilizar. Existen para corregir todo tipo de errores refractivos y tambi\u00e9n lentes terap\u00e9uticas y de uso continuado.[\/vc_column_text][\/vc_column_inner][\/vc_row_inner][\/vc_column][\/vc_row][vc_row full_width=\u00bbstretch_row\u00bb gap=\u00bb30&#8243; equal_height=\u00bbyes\u00bb content_placement=\u00bbmiddle\u00bb woss_section_padding=\u00bbyes_please\u00bb woss_parallax=\u00bbyes\u00bb woss_parallax_image=\u00bb577&#8243; css=\u00bb.vc_custom_1547553678084{background-position: center !important;background-repeat: no-repeat !important;background-size: cover !important;}\u00bb][vc_column width=\u00bb1\/4&#8243;][\/vc_column][vc_column width=\u00bb1\/2&#8243;][vc_icon icon_fontawesome=\u00bbfa fa-circle-thin\u00bb color=\u00bbcustom\u00bb size=\u00bbxl\u00bb align=\u00bbcenter\u00bb custom_color=\u00bb#162ca4&#8243;][vc_separator color=\u00bbcustom\u00bb border_width=\u00bb2&#8243; el_width=\u00bb20&#8243; accent_color=\u00bb#162ca4&#8243; css=\u00bb.vc_custom_1543419933875{padding-top: 20px !important;padding-bottom: 20px !important;}\u00bb][vc_column_text css=\u00bb.vc_custom_1545215382167{margin-top: 30px !important;}\u00bb]<\/p>\n<h3 style=\"text-align: center;\">Tambi\u00e9n hacemos adaptaciones de lentes de contacto gas permeables para graduaciones elevadas, control de miop\u00eda, c\u00f3rneas irregulares &#8230;<\/h3>\n<p>[\/vc_column_text][\/vc_column][vc_column width=\u00bb1\/4&#8243;][\/vc_column][\/vc_row][vc_row full_width=\u00bbstretch_row\u00bb el_class=\u00bbno-margin\u00bb][vc_column]<div class=\"templatera_shortcode\"><section data-vc-full-width=\"true\" data-vc-full-width-init=\"false\" class=\"vc_section footer-section vc_custom_1543430223178 vc_section-has-fill\"><div class=\"vc_row wpb_row vc_row-fluid\"><div class=\"wpb_column vc_column_container vc_col-sm-3\"><div class=\"vc_column-inner\"><div class=\"wpb_wrapper\"><div  class=\"vc_wp_custommenu wpb_content_element\"><div class=\"widget widget_nav_menu\"><h2 class=\"widgettitle\">Productos<\/h2><div class=\"menu-productos-es-container\"><ul id=\"menu-productos-es\" class=\"menu\"><li id=\"menu-item-532\" class=\"menu-item menu-item-type-post_type menu-item-object-page menu-item-532\"><a href=\"https:\/\/opticaubach.com\/es\/productos\/lentes-oftalmicas\/\">Lentes oft\u00e1lmicas<\/a><\/li>\n<li id=\"menu-item-531\" class=\"menu-item menu-item-type-post_type menu-item-object-page menu-item-531\"><a href=\"https:\/\/opticaubach.com\/es\/productos\/monturas\/\">Monturas<\/a><\/li>\n<li id=\"menu-item-530\" class=\"menu-item menu-item-type-post_type menu-item-object-page menu-item-530\"><a href=\"https:\/\/opticaubach.com\/es\/productos\/gafas-de-sol\/\">Gafas de sol<\/a><\/li>\n<li id=\"menu-item-529\" class=\"menu-item menu-item-type-post_type menu-item-object-page menu-item-529\"><a href=\"https:\/\/opticaubach.com\/es\/productos\/lentes-de-contacto\/\">Lentes de contacto<\/a><\/li>\n<li id=\"menu-item-533\" class=\"menu-item menu-item-type-post_type menu-item-object-page menu-item-533\"><a href=\"https:\/\/opticaubach.com\/es\/productos\/audiofons\/\">Aud\u00edfonos<\/a><\/li>\n<\/ul><\/div><\/div><\/div><\/div><\/div><\/div><div class=\"wpb_column vc_column_container vc_col-sm-9\"><div class=\"vc_column-inner\"><div class=\"wpb_wrapper\"><div class=\"vc_row wpb_row vc_inner vc_row-fluid vc_custom_1543431163655\"><div class=\"wpb_column vc_column_container vc_col-sm-6\"><div class=\"vc_column-inner\"><div class=\"wpb_wrapper\">\n\t<div class=\"wpb_raw_code wpb_content_element wpb_raw_html\" >\n\t\t<div class=\"wpb_wrapper\">\n\t\t\t<!-- Left Icon -->\n<div class=\"elements-features-left-icon\">\n    <div class=\"features-item\">\n        <div class=\"col-sm-2 col-no-p\">\n            <div class=\"features-icon\">\n                <span class=\"fa fa-clock-o\"><\/span>\n            <\/div>\n        <\/div>\n        <div class=\"col-sm-10 col-no-p\">\n            <h3 class=\"features-title\">Horario<\/h3>\n            <div class=\"features-descr\">Lunes a Viernes: 09.45h a 13.30h i 17.00h a 20.15h.<br\/>S\u00e1bado: 10.00h a 13.30h, tardes cerrado excepto visitas programadas.<\/div>\n        <\/div>\n    <\/div>\n<\/div>\n\t\t<\/div>\n\t<\/div>\n<\/div><\/div><\/div><div class=\"wpb_column vc_column_container vc_col-sm-6\"><div class=\"vc_column-inner\"><div class=\"wpb_wrapper\"> <!-- Left Icon -->\n\t\t\t\t\t<div class=\"elements-features-left-icon\">\n\t\t\t\t\t\t<div class=\"features-item\">\n\t\t\t\t\t\t\t<div class=\"col-sm-2 col-no-p\">\n\t\t\t\t\t\t\t\t<div class=\"features-icon\">\n\t\t\t\t\t\t\t\t\t<span class=\"fa fa-phone\"><\/span>\n\t\t\t\t\t\t\t\t<\/div>\n\t\t\t\t\t\t\t<\/div>\n\t\t\t\t\t\t\t<div class=\"col-sm-10 col-no-p\">\n\t\t\t\t\t\t\t\t<h3 class=\"features-title\">Tel\u00e9fono<\/h3>\n\t\t\t\t\t\t\t\t<div class=\"features-descr\">937 952 762<\/div>\n\t\t\t\t\t\t\t<\/div>\n\t\t\t\t\t\t<\/div>\n\t\t\t\t\t<\/div><div class=\"vc_empty_space\"   style=\"height: 85px\"><span class=\"vc_empty_space_inner\"><\/span><\/div> <!-- Left Icon -->\n\t\t\t\t\t<div class=\"elements-features-left-icon\">\n\t\t\t\t\t\t<div class=\"features-item\">\n\t\t\t\t\t\t\t<div class=\"col-sm-2 col-no-p\">\n\t\t\t\t\t\t\t\t<div class=\"features-icon\">\n\t\t\t\t\t\t\t\t\t<span class=\"fa fa-whatsapp\"><\/span>\n\t\t\t\t\t\t\t\t<\/div>\n\t\t\t\t\t\t\t<\/div>\n\t\t\t\t\t\t\t<div class=\"col-sm-10 col-no-p\">\n\t\t\t\t\t\t\t\t<h3 class=\"features-title\">Whatsapp<\/h3>\n\t\t\t\t\t\t\t\t<div class=\"features-descr\">662 305 759<\/div>\n\t\t\t\t\t\t\t<\/div>\n\t\t\t\t\t\t<\/div>\n\t\t\t\t\t<\/div><\/div><\/div><\/div><\/div><div class=\"vc_row wpb_row vc_inner vc_row-fluid vc_custom_1543431168740\"><div class=\"wpb_column vc_column_container vc_col-sm-6\"><div class=\"vc_column-inner\"><div class=\"wpb_wrapper\"> <!-- Left Icon -->\n\t\t\t\t\t<div class=\"elements-features-left-icon\">\n\t\t\t\t\t\t<div class=\"features-item\">\n\t\t\t\t\t\t\t<div class=\"col-sm-2 col-no-p\">\n\t\t\t\t\t\t\t\t<div class=\"features-icon\">\n\t\t\t\t\t\t\t\t\t<span class=\"fa fa-map-marker\"><\/span>\n\t\t\t\t\t\t\t\t<\/div>\n\t\t\t\t\t\t\t<\/div>\n\t\t\t\t\t\t\t<div class=\"col-sm-10 col-no-p\">\n\t\t\t\t\t\t\t\t<h3 class=\"features-title\">Direcci\u00f3n<\/h3>\n\t\t\t\t\t\t\t\t<div class=\"features-descr\">Calle Munt 12,<br \/>\r\n08392 Sant Andreu de Llavaneres<\/div>\n\t\t\t\t\t\t\t<\/div>\n\t\t\t\t\t\t<\/div>\n\t\t\t\t\t<\/div><\/div><\/div><\/div><div class=\"wpb_column vc_column_container vc_col-sm-6\"><div class=\"vc_column-inner\"><div class=\"wpb_wrapper\"> <!-- Left Icon -->\n\t\t\t\t\t<div class=\"elements-features-left-icon\">\n\t\t\t\t\t\t<div class=\"features-item\">\n\t\t\t\t\t\t\t<div class=\"col-sm-2 col-no-p\">\n\t\t\t\t\t\t\t\t<div class=\"features-icon\">\n\t\t\t\t\t\t\t\t\t<span class=\"fa fa-envelope\"><\/span>\n\t\t\t\t\t\t\t\t<\/div>\n\t\t\t\t\t\t\t<\/div>\n\t\t\t\t\t\t\t<div class=\"col-sm-10 col-no-p\">\n\t\t\t\t\t\t\t\t<h3 class=\"features-title\">Correo<\/h3>\n\t\t\t\t\t\t\t\t<div class=\"features-descr\">web@opticaubach.com<\/div>\n\t\t\t\t\t\t\t<\/div>\n\t\t\t\t\t\t<\/div>\n\t\t\t\t\t<\/div><\/div><\/div><\/div><\/div><\/div><\/div><\/div><\/div><\/section><div class=\"vc_row-full-width vc_clearfix\"><\/div>\r\n<\/div>[\/vc_column][\/vc_row]<\/p>\n<\/section>","protected":false},"excerpt":{"rendered":"ProductosLentes oft\u00e1lmicas Monturas Gafas de sol Lentes de contacto Aud\u00edfonos Horario Lunes a Viernes: 09.45h a 13.30h i 17.00h a 20.15h.S\u00e1bado: 10.00h a 13.30h, tardes cerrado excepto visitas programadas. Tel\u00e9fono 937 952 762 Whatsapp 662 305 759 Direcci\u00f3n Calle Munt 12, 08392 Sant Andreu de Llavaneres Correo web@opticaubach.com","protected":false},"author":1,"featured_media":0,"parent":411,"menu_order":0,"comment_status":"closed","ping_status":"closed","template":"template-page.php","meta":{"_seopress_robots_primary_cat":""},"_links":{"self":[{"href":"https:\/\/opticaubach.com\/es\/wp-json\/wp\/v2\/pages\/451"}],"collection":[{"href":"https:\/\/opticaubach.com\/es\/wp-json\/wp\/v2\/pages"}],"about":[{"href":"https:\/\/opticaubach.com\/es\/wp-json\/wp\/v2\/types\/page"}],"author":[{"embeddable":true,"href":"https:\/\/opticaubach.com\/es\/wp-json\/wp\/v2\/users\/1"}],"replies":[{"embeddable":true,"href":"https:\/\/opticaubach.com\/es\/wp-json\/wp\/v2\/comments?post=451"}],"version-history":[{"count":6,"href":"https:\/\/opticaubach.com\/es\/wp-json\/wp\/v2\/pages\/451\/revisions"}],"predecessor-version":[{"id":655,"href":"https:\/\/opticaubach.com\/es\/wp-json\/wp\/v2\/pages\/451\/revisions\/655"}],"up":[{"embeddable":true,"href":"https:\/\/opticaubach.com\/es\/wp-json\/wp\/v2\/pages\/411"}],"wp:attachment":[{"href":"https:\/\/opticaubach.com\/es\/wp-json\/wp\/v2\/media?parent=451"}],"curies":[{"name":"wp","href":"https:\/\/api.w.org\/{rel}","templated":true}]}}